{"id":7,"date":"2026-02-16T21:40:41","date_gmt":"2026-02-16T21:40:41","guid":{"rendered":"https:\/\/ciecicapacita.com.mx\/ciecieditorial\/carrito\/"},"modified":"2026-03-19T22:18:22","modified_gmt":"2026-03-19T22:18:22","slug":"carrito","status":"publish","type":"page","link":"https:\/\/ciecicapacita.com.mx\/ciecieditorial\/carrito\/","title":{"rendered":"Carrito"},"content":{"rendered":"\n<div data-block-name=\"woocommerce\/cart\" class=\"wp-block-woocommerce-cart alignwide is-loading\">\n<div data-block-name=\"woocommerce\/filled-cart-block\" class=\"wp-block-woocommerce-filled-cart-block\">\n<div data-block-name=\"woocommerce\/cart-items-block\" class=\"wp-block-woocommerce-cart-items-block\">\n<div data-block-name=\"woocommerce\/cart-line-items-block\" class=\"wp-block-woocommerce-cart-line-items-block\"><\/div>\n\n\n<\/div>\n\n\n\n<div data-block-name=\"woocommerce\/cart-totals-block\" class=\"wp-block-woocommerce-cart-totals-block\">\n<div data-block-name=\"woocommerce\/cart-order-summary-block\" class=\"wp-block-woocommerce-cart-order-summary-block\">\n<div data-block-name=\"woocommerce\/cart-order-summary-heading-block\" data-content=\"Totales del carrito\" class=\"wp-block-woocommerce-cart-order-summary-heading-block\"><\/div>\n\n\n\n<div data-block-name=\"woocommerce\/cart-order-summary-coupon-form-block\" class=\"wp-block-woocommerce-cart-order-summary-coupon-form-block\"><\/div>\n\n\n\n<div data-block-name=\"woocommerce\/cart-order-summary-totals-block\" class=\"wp-block-woocommerce-cart-order-summary-totals-block\">\n<div data-block-name=\"woocommerce\/cart-order-summary-subtotal-block\" class=\"wp-block-woocommerce-cart-order-summary-subtotal-block\"><\/div>\n\n\n\n<div data-block-name=\"woocommerce\/cart-order-summary-fee-block\" class=\"wp-block-woocommerce-cart-order-summary-fee-block\"><\/div>\n\n\n\n<div data-block-name=\"woocommerce\/cart-order-summary-discount-block\" class=\"wp-block-woocommerce-cart-order-summary-discount-block\"><\/div>\n\n\n\n<div data-block-name=\"woocommerce\/cart-order-summary-shipping-block\" class=\"wp-block-woocommerce-cart-order-summary-shipping-block\"><\/div>\n\n\n\n<div data-block-name=\"woocommerce\/cart-order-summary-taxes-block\" class=\"wp-block-woocommerce-cart-order-summary-taxes-block\"><\/div>\n<\/div>\n<\/div>\n\n\n\n<div data-block-name=\"woocommerce\/cart-express-payment-block\" class=\"wp-block-woocommerce-cart-express-payment-block\"><\/div>\n\n\n\n<div data-block-name=\"woocommerce\/proceed-to-checkout-block\" class=\"wp-block-woocommerce-proceed-to-checkout-block\"><\/div>\n\n\n\n<div data-block-name=\"woocommerce\/cart-accepted-payment-methods-block\" class=\"wp-block-woocommerce-cart-accepted-payment-methods-block\"><\/div>\n<\/div>\n<\/div>\n\n\n\n<div data-block-name=\"woocommerce\/empty-cart-block\" class=\"wp-block-woocommerce-empty-cart-block\">\n<h2 class=\"wp-block-heading has-text-align-center with-empty-cart-icon wc-block-cart__empty-cart__title\">\u00a1Tu carrito est\u00e1 actualmente vac\u00edo!<\/h2>\n\n\n\n<hr class=\"wp-block-separator has-alpha-channel-opacity is-style-dots\"\/>\n\n\n\n<h2 class=\"wp-block-heading has-text-align-center\">Nuevo en la tienda<\/h2>\n\n\n<div data-block-name=\"woocommerce\/product-new\" data-columns=\"4\" data-rows=\"1\" class=\"wc-block-grid wp-block-product-new wp-block-woocommerce-product-new wc-block-product-new has-4-columns\"><ul class=\"wc-block-grid__products\"><li class=\"wc-block-grid__product\">\n\t\t\t\t<a href=\"https:\/\/ciecicapacita.com.mx\/ciecieditorial\/producto\/canto-juego-y-participo-en-ingles\/\" class=\"wc-block-grid__product-link\">\n\t\t\t\t\t\n\t\t\t\t\t<div class=\"wc-block-grid__product-image\"><img fetchpriority=\"high\" decoding=\"async\" width=\"300\" height=\"300\" src=\"https:\/\/ciecicapacita.com.mx\/ciecieditorial\/wp-content\/uploads\/2026\/04\/IMG-20260427-WA0035-300x300.jpg\" class=\"attachment-woocommerce_thumbnail size-woocommerce_thumbnail\" alt=\"Canto, juego y participo en ingl\u00e9s\" srcset=\"https:\/\/ciecicapacita.com.mx\/ciecieditorial\/wp-content\/uploads\/2026\/04\/IMG-20260427-WA0035-300x300.jpg 300w, https:\/\/ciecicapacita.com.mx\/ciecieditorial\/wp-content\/uploads\/2026\/04\/IMG-20260427-WA0035-1024x1024.jpg 1024w, https:\/\/ciecicapacita.com.mx\/ciecieditorial\/wp-content\/uploads\/2026\/04\/IMG-20260427-WA0035-150x150.jpg 150w, https:\/\/ciecicapacita.com.mx\/ciecieditorial\/wp-content\/uploads\/2026\/04\/IMG-20260427-WA0035-768x768.jpg 768w, https:\/\/ciecicapacita.com.mx\/ciecieditorial\/wp-content\/uploads\/2026\/04\/IMG-20260427-WA0035-1536x1536.jpg 1536w, https:\/\/ciecicapacita.com.mx\/ciecieditorial\/wp-content\/uploads\/2026\/04\/IMG-20260427-WA0035-600x600.jpg 600w, https:\/\/ciecicapacita.com.mx\/ciecieditorial\/wp-content\/uploads\/2026\/04\/IMG-20260427-WA0035-100x100.jpg 100w, https:\/\/ciecicapacita.com.mx\/ciecieditorial\/wp-content\/uploads\/2026\/04\/IMG-20260427-WA0035.jpg 1600w\" sizes=\"(max-width: 300px) 100vw, 300px\" \/><\/div>\n\t\t\t\t\t<div class=\"wc-block-grid__product-title\">Canto, juego y participo en ingl\u00e9s<\/div>\n\t\t\t\t<\/a>\n\t\t\t\t<div class=\"wc-block-grid__product-price price\"><span class=\"woocommerce-Price-amount amount\"><span class=\"woocommerce-Price-currencySymbol\">&#036;<\/span>400.00<\/span><\/div>\n\t\t\t\t\n\t\t\t\t<div class=\"wp-block-button wc-block-grid__product-add-to-cart\"><a href=\"\/ciecieditorial\/wp-json\/wp\/v2\/pages\/7?add-to-cart=652\" aria-label=\"A\u00f1adir al carrito: &ldquo;Canto, juego y participo en ingl\u00e9s&rdquo;\" data-quantity=\"1\" data-product_id=\"652\" data-product_sku=\"\" data-price=\"400\" rel=\"nofollow\" class=\"wp-block-button__link  add_to_cart_button ajax_add_to_cart\">A\u00f1adir al carrito<\/a><\/div>\n\t\t\t<\/li><li class=\"wc-block-grid__product\">\n\t\t\t\t<a href=\"https:\/\/ciecicapacita.com.mx\/ciecieditorial\/producto\/ludicantos\/\" class=\"wc-block-grid__product-link\">\n\t\t\t\t\t\n\t\t\t\t\t<div class=\"wc-block-grid__product-image\"><img decoding=\"async\" width=\"300\" height=\"394\" src=\"https:\/\/ciecicapacita.com.mx\/ciecieditorial\/wp-content\/uploads\/2026\/04\/portada-ludicantos-300x394.jpg\" class=\"attachment-woocommerce_thumbnail size-woocommerce_thumbnail\" alt=\"Ludicantos\" srcset=\"https:\/\/ciecicapacita.com.mx\/ciecieditorial\/wp-content\/uploads\/2026\/04\/portada-ludicantos-300x394.jpg 300w, https:\/\/ciecicapacita.com.mx\/ciecieditorial\/wp-content\/uploads\/2026\/04\/portada-ludicantos-228x300.jpg 228w, https:\/\/ciecicapacita.com.mx\/ciecieditorial\/wp-content\/uploads\/2026\/04\/portada-ludicantos-780x1024.jpg 780w, https:\/\/ciecicapacita.com.mx\/ciecieditorial\/wp-content\/uploads\/2026\/04\/portada-ludicantos-768x1009.jpg 768w, https:\/\/ciecicapacita.com.mx\/ciecieditorial\/wp-content\/uploads\/2026\/04\/portada-ludicantos-1169x1536.jpg 1169w, https:\/\/ciecicapacita.com.mx\/ciecieditorial\/wp-content\/uploads\/2026\/04\/portada-ludicantos-1559x2048.jpg 1559w, https:\/\/ciecicapacita.com.mx\/ciecieditorial\/wp-content\/uploads\/2026\/04\/portada-ludicantos-600x788.jpg 600w, https:\/\/ciecicapacita.com.mx\/ciecieditorial\/wp-content\/uploads\/2026\/04\/portada-ludicantos-scaled.jpg 1949w\" sizes=\"(max-width: 300px) 100vw, 300px\" \/><\/div>\n\t\t\t\t\t<div class=\"wc-block-grid__product-title\">Ludicantos<\/div>\n\t\t\t\t<\/a>\n\t\t\t\t<div class=\"wc-block-grid__product-price price\"><span class=\"woocommerce-Price-amount amount\"><span class=\"woocommerce-Price-currencySymbol\">&#036;<\/span>199.00<\/span><\/div>\n\t\t\t\t\n\t\t\t\t<div class=\"wp-block-button wc-block-grid__product-add-to-cart\"><a href=\"\/ciecieditorial\/wp-json\/wp\/v2\/pages\/7?add-to-cart=627\" aria-label=\"A\u00f1adir al carrito: &ldquo;Ludicantos&rdquo;\" data-quantity=\"1\" data-product_id=\"627\" data-product_sku=\"\" data-price=\"199\" rel=\"nofollow\" class=\"wp-block-button__link  add_to_cart_button ajax_add_to_cart\">A\u00f1adir al carrito<\/a><\/div>\n\t\t\t<\/li><li class=\"wc-block-grid__product\">\n\t\t\t\t<a href=\"https:\/\/ciecicapacita.com.mx\/ciecieditorial\/producto\/estrategias-didacticas-por-competencias-disenos-eficientes-de-intervencion-pedagogica\/\" class=\"wc-block-grid__product-link\">\n\t\t\t\t\t\n\t\t\t\t\t<div class=\"wc-block-grid__product-image\"><img decoding=\"async\" width=\"300\" height=\"404\" src=\"https:\/\/ciecicapacita.com.mx\/ciecieditorial\/wp-content\/uploads\/2026\/03\/SoloportadaEstrategiasdidacticasporcompetencias-scaled-300x404.jpg\" class=\"attachment-woocommerce_thumbnail size-woocommerce_thumbnail\" alt=\"Estrategias did\u00e1cticas por competencias: Dise\u00f1os eficientes de intervenci\u00f3n pedag\u00f3gica\" srcset=\"https:\/\/ciecicapacita.com.mx\/ciecieditorial\/wp-content\/uploads\/2026\/03\/SoloportadaEstrategiasdidacticasporcompetencias-scaled-300x404.jpg 300w, https:\/\/ciecicapacita.com.mx\/ciecieditorial\/wp-content\/uploads\/2026\/03\/SoloportadaEstrategiasdidacticasporcompetencias-scaled-600x808.jpg 600w, https:\/\/ciecicapacita.com.mx\/ciecieditorial\/wp-content\/uploads\/2026\/03\/SoloportadaEstrategiasdidacticasporcompetencias-223x300.jpg 223w, https:\/\/ciecicapacita.com.mx\/ciecieditorial\/wp-content\/uploads\/2026\/03\/SoloportadaEstrategiasdidacticasporcompetencias-761x1024.jpg 761w, https:\/\/ciecicapacita.com.mx\/ciecieditorial\/wp-content\/uploads\/2026\/03\/SoloportadaEstrategiasdidacticasporcompetencias-768x1033.jpg 768w, https:\/\/ciecicapacita.com.mx\/ciecieditorial\/wp-content\/uploads\/2026\/03\/SoloportadaEstrategiasdidacticasporcompetencias-1141x1536.jpg 1141w, https:\/\/ciecicapacita.com.mx\/ciecieditorial\/wp-content\/uploads\/2026\/03\/SoloportadaEstrategiasdidacticasporcompetencias-1522x2048.jpg 1522w, https:\/\/ciecicapacita.com.mx\/ciecieditorial\/wp-content\/uploads\/2026\/03\/SoloportadaEstrategiasdidacticasporcompetencias-scaled.jpg 1902w\" sizes=\"(max-width: 300px) 100vw, 300px\" \/><\/div>\n\t\t\t\t\t<div class=\"wc-block-grid__product-title\">Estrategias did\u00e1cticas por competencias: Dise\u00f1os eficientes de intervenci\u00f3n pedag\u00f3gica<\/div>\n\t\t\t\t<\/a>\n\t\t\t\t<div class=\"wc-block-grid__product-price price\"><span class=\"woocommerce-Price-amount amount\"><span class=\"woocommerce-Price-currencySymbol\">&#036;<\/span>199.00<\/span><\/div>\n\t\t\t\t\n\t\t\t\t<div class=\"wp-block-button wc-block-grid__product-add-to-cart\"><a href=\"\/ciecieditorial\/wp-json\/wp\/v2\/pages\/7?add-to-cart=302\" aria-label=\"A\u00f1adir al carrito: &ldquo;Estrategias did\u00e1cticas por competencias: Dise\u00f1os eficientes de intervenci\u00f3n pedag\u00f3gica&rdquo;\" data-quantity=\"1\" data-product_id=\"302\" data-product_sku=\"\" data-price=\"199\" rel=\"nofollow\" class=\"wp-block-button__link  add_to_cart_button ajax_add_to_cart\">A\u00f1adir al carrito<\/a><\/div>\n\t\t\t<\/li><li class=\"wc-block-grid__product\">\n\t\t\t\t<a href=\"https:\/\/ciecicapacita.com.mx\/ciecieditorial\/producto\/estrategias-didacticas-para-el-aprendizaje-situado\/\" class=\"wc-block-grid__product-link\">\n\t\t\t\t\t\n\t\t\t\t\t<div class=\"wc-block-grid__product-image\"><img loading=\"lazy\" decoding=\"async\" width=\"300\" height=\"398\" src=\"https:\/\/ciecicapacita.com.mx\/ciecieditorial\/wp-content\/uploads\/2026\/03\/Portada-Estrategiasdidacticasparaelaprendizajesituado-300x398.jpg\" class=\"attachment-woocommerce_thumbnail size-woocommerce_thumbnail\" alt=\"Estrategias Did\u00e1cticas para el Aprendizaje Situado\" srcset=\"https:\/\/ciecicapacita.com.mx\/ciecieditorial\/wp-content\/uploads\/2026\/03\/Portada-Estrategiasdidacticasparaelaprendizajesituado-300x398.jpg 300w, https:\/\/ciecicapacita.com.mx\/ciecieditorial\/wp-content\/uploads\/2026\/03\/Portada-Estrategiasdidacticasparaelaprendizajesituado-226x300.jpg 226w, https:\/\/ciecicapacita.com.mx\/ciecieditorial\/wp-content\/uploads\/2026\/03\/Portada-Estrategiasdidacticasparaelaprendizajesituado.jpg 377w\" sizes=\"(max-width: 300px) 100vw, 300px\" \/><\/div>\n\t\t\t\t\t<div class=\"wc-block-grid__product-title\">Estrategias Did\u00e1cticas para el Aprendizaje Situado<\/div>\n\t\t\t\t<\/a>\n\t\t\t\t<div class=\"wc-block-grid__product-price price\"><span class=\"woocommerce-Price-amount amount\"><span class=\"woocommerce-Price-currencySymbol\">&#036;<\/span>199.00<\/span><\/div>\n\t\t\t\t\n\t\t\t\t<div class=\"wp-block-button wc-block-grid__product-add-to-cart\"><a href=\"\/ciecieditorial\/wp-json\/wp\/v2\/pages\/7?add-to-cart=300\" aria-label=\"A\u00f1adir al carrito: &ldquo;Estrategias Did\u00e1cticas para el Aprendizaje Situado&rdquo;\" data-quantity=\"1\" data-product_id=\"300\" data-product_sku=\"\" data-price=\"199\" rel=\"nofollow\" class=\"wp-block-button__link  add_to_cart_button ajax_add_to_cart\">A\u00f1adir al carrito<\/a><\/div>\n\t\t\t<\/li><\/ul><\/div><\/div>\n<\/div>\n","protected":false},"excerpt":{"rendered":"","protected":false},"author":1,"featured_media":0,"parent":0,"menu_order":0,"comment_status":"closed","ping_status":"closed","template":"","meta":{"footnotes":""},"class_list":["post-7","page","type-page","status-publish","hentry"],"_hostinger_reach_plugin_has_subscription_block":false,"_hostinger_reach_plugin_is_elementor":false,"_links":{"self":[{"href":"https:\/\/ciecicapacita.com.mx\/ciecieditorial\/wp-json\/wp\/v2\/pages\/7","targetHints":{"allow":["GET"]}}],"collection":[{"href":"https:\/\/ciecicapacita.com.mx\/ciecieditorial\/wp-json\/wp\/v2\/pages"}],"about":[{"href":"https:\/\/ciecicapacita.com.mx\/ciecieditorial\/wp-json\/wp\/v2\/types\/page"}],"author":[{"embeddable":true,"href":"https:\/\/ciecicapacita.com.mx\/ciecieditorial\/wp-json\/wp\/v2\/users\/1"}],"replies":[{"embeddable":true,"href":"https:\/\/ciecicapacita.com.mx\/ciecieditorial\/wp-json\/wp\/v2\/comments?post=7"}],"version-history":[{"count":3,"href":"https:\/\/ciecicapacita.com.mx\/ciecieditorial\/wp-json\/wp\/v2\/pages\/7\/revisions"}],"predecessor-version":[{"id":503,"href":"https:\/\/ciecicapacita.com.mx\/ciecieditorial\/wp-json\/wp\/v2\/pages\/7\/revisions\/503"}],"wp:attachment":[{"href":"https:\/\/ciecicapacita.com.mx\/ciecieditorial\/wp-json\/wp\/v2\/media?parent=7"}],"curies":[{"name":"wp","href":"https:\/\/api.w.org\/{rel}","templated":true}]}}