{"id":128,"date":"2026-03-07T06:47:25","date_gmt":"2026-03-07T06:47:25","guid":{"rendered":"https:\/\/ciecicapacita.com.mx\/ciecieditorial\/producto\/evaluacion-cualitativa-del-aprendizaje\/"},"modified":"2026-05-05T02:50:46","modified_gmt":"2026-05-05T02:50:46","slug":"evaluacion-cualitativa-del-aprendizaje","status":"publish","type":"product","link":"https:\/\/ciecicapacita.com.mx\/ciecieditorial\/producto\/evaluacion-cualitativa-del-aprendizaje\/","title":{"rendered":"Evaluaci\u00f3n Cualitativa del Aprendizaje"},"content":{"rendered":"<p>Autor(es): Helga Patricia Frola Ruiz, Jos\u00e9 de Jes\u00fas Vel\u00e1squez Navarro<br \/>\nISBN: 978-607-95714-4-3<br \/>\n5a. ed., julio de 2013<\/p>\n<p>Evaluar el aprendizaje ha sido tradicionalmente un proceso pol\u00e9mico y complejo, principalmente porque sus fines han sido desvirtuados por los propios maestros que la llevan a cabo. Permeado por la naturaleza humana de la pr\u00e1ctica docente, ha sido utilizada como medio de desquite ante la indisciplina y la falta de compromiso por parte de algunos alumnos o como v\u00eda para recompensar la dedicaci\u00f3n y el \u201dbuen comportamiento\u201d de otros, esto, a\u00fan a pesar de la normatividad expl\u00edcitamente lo proh\u00edbe.<\/p>\n<p>El momento de la evaluaci\u00f3n ha sido investido a lo largo de la historia de la educaci\u00f3n, con el velo de la amenaza; y a su puesta en pr\u00e1ctica casi siempre a trav\u00e9s de instrumentos cuantitativos, se le ha dado m\u00e1s importancia que a todo el proceso de ense\u00f1anza-aprendizaje, como si no se tratara del medio a trav\u00e9s del cual se obtiene informaci\u00f3n valiosa y relevante para tomar decisiones que lleven a la mejora.<\/p>\n<p>En la educaci\u00f3n integral es necesaria la conjunci\u00f3n complementaria de dos tipos de evaluaci\u00f3n: la cualitativa y la cuantitativa, la primera con formas e instrumentos que dan cuenta del nivel de avance de los procedimientos y las actitudes y la segunda m\u00e1s adecuada para calificar conocimientos retenidos.<\/p>\n<p>Normativamente deben contemplarse ambas formas de evaluaci\u00f3n, pero cada una de acuerdo a su naturaleza, no pueden de ninguna manera mezclarse debido a su origen y fundamentos son diametralmente opuestos, de todo ello se da cuenta puntual a lo largo de esta obra, que pretende convertirse en un manual pr\u00e1ctico para conocer todo lo relacionado con las formas de evaluaci\u00f3n cualitativa y las herramientas de calificaci\u00f3n.<\/p>\n<p>Durante varios a\u00f1os hemos escuchado el sentir de los docentes quienes nos han expresado los problemas con los que se enfrentan y hemos querido tender un puente entre las aportaciones te\u00f3ricas surgidas de la investigaci\u00f3n y la pr\u00e1ctica docente cotidiana de los maestros frente a grupo.<\/p>\n","protected":false},"excerpt":{"rendered":"<p>Autor(es): Helga Patricia Frola Ruiz, Jos\u00e9 de Jes\u00fas Vel\u00e1squez Navarro<br \/>\nISBN: 978-607-95714-4-3<br \/>\n5a. ed., julio de 2013<\/p>\n<p>Evaluar el aprendizaje ha sido tradicionalmente un proceso pol\u00e9mico y complejo, principalmente porque sus fines han sido desvirtuado<\/p>\n","protected":false},"featured_media":127,"comment_status":"open","ping_status":"closed","template":"","meta":[],"product_brand":[],"product_cat":[88],"product_tag":[21,22],"class_list":{"0":"post-128","1":"product","2":"type-product","3":"status-publish","4":"has-post-thumbnail","6":"product_cat-libro-digital","7":"product_tag-evaluacion-cualitativa","8":"product_tag-evaluacion-del-aprendizaje","10":"first","11":"instock","12":"sale","13":"downloadable","14":"shipping-taxable","15":"purchasable","16":"product-type-simple"},"_links":{"self":[{"href":"https:\/\/ciecicapacita.com.mx\/ciecieditorial\/wp-json\/wp\/v2\/product\/128","targetHints":{"allow":["GET"]}}],"collection":[{"href":"https:\/\/ciecicapacita.com.mx\/ciecieditorial\/wp-json\/wp\/v2\/product"}],"about":[{"href":"https:\/\/ciecicapacita.com.mx\/ciecieditorial\/wp-json\/wp\/v2\/types\/product"}],"replies":[{"embeddable":true,"href":"https:\/\/ciecicapacita.com.mx\/ciecieditorial\/wp-json\/wp\/v2\/comments?post=128"}],"wp:featuredmedia":[{"embeddable":true,"href":"https:\/\/ciecicapacita.com.mx\/ciecieditorial\/wp-json\/wp\/v2\/media\/127"}],"wp:attachment":[{"href":"https:\/\/ciecicapacita.com.mx\/ciecieditorial\/wp-json\/wp\/v2\/media?parent=128"}],"wp:term":[{"taxonomy":"product_brand","embeddable":true,"href":"https:\/\/ciecicapacita.com.mx\/ciecieditorial\/wp-json\/wp\/v2\/product_brand?post=128"},{"taxonomy":"product_cat","embeddable":true,"href":"https:\/\/ciecicapacita.com.mx\/ciecieditorial\/wp-json\/wp\/v2\/product_cat?post=128"},{"taxonomy":"product_tag","embeddable":true,"href":"https:\/\/ciecicapacita.com.mx\/ciecieditorial\/wp-json\/wp\/v2\/product_tag?post=128"}],"curies":[{"name":"wp","href":"https:\/\/api.w.org\/{rel}","templated":true}]}}