{"id":142,"date":"2026-03-07T06:47:33","date_gmt":"2026-03-07T06:47:33","guid":{"rendered":"https:\/\/ciecicapacita.com.mx\/ciecieditorial\/producto\/reingenieria-del-exito-educativo\/"},"modified":"2026-03-18T22:36:22","modified_gmt":"2026-03-18T22:36:22","slug":"reingenieria-del-exito-educativo","status":"publish","type":"product","link":"https:\/\/ciecicapacita.com.mx\/ciecieditorial\/producto\/reingenieria-del-exito-educativo\/","title":{"rendered":"Reingenier\u00eda del \u00e9xito educativo"},"content":{"rendered":"<p>Autor(es): Lorena Ladr\u00f3n de Guevara Galindo<br \/>\nISBN: 978-607-9301-11-8<br \/>\n1a. ed., septiembre de 2014<\/p>\n<p>El \u00e9xito educativo tiene como punto de partida y de llegada al ser humano, sin embargo, \u00e9ste, a trav\u00e9s de sus relaciones con el entorno produce consecuencias en los otros, de ahpi que el individuo, sociedad y contexto son elementos indisociables en la din\u00e1mica de la vida actual como lo han sido en todo devenir hist\u00f3rico de la humanidad.<\/p>\n<p>\u00bfQui\u00e9res cambiar al mundo?<br \/>\nEmpieza por cambiar t\u00fa<\/p>\n<p>El \u00e9xito empieza en la persona, en la revisi\u00f3n de sus creencias, en la toma de conciencia de sus actitudes, en el an\u00e1lisis de sus reacciones ante los sucesos de la vida cotidiana, por ello es importante darnos cuenta de c\u00f3mo somos y encontrar respuesta en nuestra propia historia personas de porque y como llegamos a este estado, y a partir de ello descubrir todo nuestro potencial para lograr lo inimaginable.<\/p>\n<p>En esa obra encontrar\u00e1s m\u00faltiples respuestas que la autora ha ido construyendo a lo largo de una brillante trayectoria como Coach en Desarrollo Humano, especialista en PNL, hipn\u00f3sis y modificaci\u00f3n de conductas, adem\u00e1s de ser una reconocida ponente de congresos nacionales e internacionales.<\/p>\n<p>Reingenier\u00eda del \u00e9xito educativo est\u00e1 llamado a ser un manual pr\u00e1ctico a trav\u00e9s del cual los maestros adquieren herramientas para el acompa\u00f1amiento y tutor\u00eda de sus alumnos; que los directivos de instituciones a su vez tengan elementos para provocar que su personal use todas sus potencialidades en la actividad que realicen y que cualquier persona detone, a trav\u00e9s de la amena lectura del texto, reflexiones que invariablemente le llevar\u00e1n al \u00e9xito. Tal es el prop\u00f3sito de la reingenier\u00eda.<\/p>\n","protected":false},"excerpt":{"rendered":"<p>Autor(es): Lorena Ladr\u00f3n de Guevara Galindo<br \/>\nISBN: 978-607-9301-11-8<br \/>\n1a. ed., septiembre de 2014<\/p>\n<p>El \u00e9xito educativo tiene como punto de partida y de llegada al ser humano, sin embargo, \u00e9ste, a trav\u00e9s de sus relaciones con el entorno produce consecuen<\/p>\n","protected":false},"featured_media":141,"comment_status":"open","ping_status":"closed","template":"","meta":[],"product_brand":[],"product_cat":[88],"product_tag":[34],"class_list":{"0":"post-142","1":"product","2":"type-product","3":"status-publish","4":"has-post-thumbnail","6":"product_cat-libro-digital","7":"product_tag-reingenieria-educativa","9":"first","10":"instock","11":"downloadable","12":"shipping-taxable","13":"purchasable","14":"product-type-simple"},"_links":{"self":[{"href":"https:\/\/ciecicapacita.com.mx\/ciecieditorial\/wp-json\/wp\/v2\/product\/142","targetHints":{"allow":["GET"]}}],"collection":[{"href":"https:\/\/ciecicapacita.com.mx\/ciecieditorial\/wp-json\/wp\/v2\/product"}],"about":[{"href":"https:\/\/ciecicapacita.com.mx\/ciecieditorial\/wp-json\/wp\/v2\/types\/product"}],"replies":[{"embeddable":true,"href":"https:\/\/ciecicapacita.com.mx\/ciecieditorial\/wp-json\/wp\/v2\/comments?post=142"}],"wp:featuredmedia":[{"embeddable":true,"href":"https:\/\/ciecicapacita.com.mx\/ciecieditorial\/wp-json\/wp\/v2\/media\/141"}],"wp:attachment":[{"href":"https:\/\/ciecicapacita.com.mx\/ciecieditorial\/wp-json\/wp\/v2\/media?parent=142"}],"wp:term":[{"taxonomy":"product_brand","embeddable":true,"href":"https:\/\/ciecicapacita.com.mx\/ciecieditorial\/wp-json\/wp\/v2\/product_brand?post=142"},{"taxonomy":"product_cat","embeddable":true,"href":"https:\/\/ciecicapacita.com.mx\/ciecieditorial\/wp-json\/wp\/v2\/product_cat?post=142"},{"taxonomy":"product_tag","embeddable":true,"href":"https:\/\/ciecicapacita.com.mx\/ciecieditorial\/wp-json\/wp\/v2\/product_tag?post=142"}],"curies":[{"name":"wp","href":"https:\/\/api.w.org\/{rel}","templated":true}]}}