{"id":144,"date":"2026-03-07T06:47:34","date_gmt":"2026-03-07T06:47:34","guid":{"rendered":"https:\/\/ciecicapacita.com.mx\/ciecieditorial\/producto\/tecnicas-para-la-ensenanza-y-el-aprendizaje-significativo\/"},"modified":"2026-03-18T22:39:25","modified_gmt":"2026-03-18T22:39:25","slug":"tecnicas-para-la-ensenanza-y-el-aprendizaje-significativo","status":"publish","type":"product","link":"https:\/\/ciecicapacita.com.mx\/ciecieditorial\/producto\/tecnicas-para-la-ensenanza-y-el-aprendizaje-significativo\/","title":{"rendered":"T\u00e9cnicas para la ense\u00f1anza y el aprendizaje significativo"},"content":{"rendered":"<p>Coordinador de obra: Dr. Jos\u00e9 de Jes\u00fas Vel\u00e1squez Navarro<br \/>\nISBN: En tr\u00e1mite<br \/>\n1a. ed., noviembre de 2020<\/p>\n<p>La presente obra es un libro colectivo bajo la premisa de que \u201centre todos, lo sabemos todo\u201d se repartieron tareas, se hizo la estructura y se inici\u00f3 con la b\u00fasqueda y procesamiento de la informaci\u00f3n, misma que se plasmaba de manera libre en un documento de texto compartido que d\u00eda a d\u00eda iba tomando forma. Pronto se hicieron presentes los liderazgos de quienes preocupados porque la obra tuviera la calidad requerida, se comprometieron tanto con la tarea, que todos los d\u00edas estaban atentos a la producci\u00f3n acad\u00e9mica, aportando, corrigiendo e invitando al resto del grupo a colaborar con sus aportaciones.<\/p>\n<p>De esta forma conseguimos un moderno, profundo, pero a la vez simple y estructurado tratado de did\u00e1ctica enfocado a las t\u00e9cnicas did\u00e1cticas para el logro de aprendizajes significativos. Parte de las aclaraciones de conceptos clave, definiendo de manera fundamentada los principales procesos y actos involucrados en la ense\u00f1anza y el aprendizaje, luego se analizan los mismo en el marco del dise\u00f1o de situaciones de aprendizaje y finalmente se aporta un banco de t\u00e9cnicas did\u00e1cticas para cada uno de los momentos del proceso de ense\u00f1anza-aprendizaje.<\/p>\n","protected":false},"excerpt":{"rendered":"<p>Coordinador de obra: Dr. Jos\u00e9 de Jes\u00fas Vel\u00e1squez Navarro<br \/>\nISBN: En tr\u00e1mite<br \/>\n1a. ed., noviembre de 2020<\/p>\n<p>La presente obra es un libro colectivo bajo la premisa de que \u201centre todos, lo sabemos todo\u201d se repartieron tareas, se hizo la estructura y se inici<\/p>\n","protected":false},"featured_media":143,"comment_status":"open","ping_status":"closed","template":"","meta":[],"product_brand":[],"product_cat":[88],"product_tag":[35,36],"class_list":{"0":"post-144","1":"product","2":"type-product","3":"status-publish","4":"has-post-thumbnail","6":"product_cat-libro-digital","7":"product_tag-aprendizaje-significativo","8":"product_tag-tecnicas-de-ensenanza","10":"first","11":"instock","12":"downloadable","13":"shipping-taxable","14":"purchasable","15":"product-type-simple"},"_links":{"self":[{"href":"https:\/\/ciecicapacita.com.mx\/ciecieditorial\/wp-json\/wp\/v2\/product\/144","targetHints":{"allow":["GET"]}}],"collection":[{"href":"https:\/\/ciecicapacita.com.mx\/ciecieditorial\/wp-json\/wp\/v2\/product"}],"about":[{"href":"https:\/\/ciecicapacita.com.mx\/ciecieditorial\/wp-json\/wp\/v2\/types\/product"}],"replies":[{"embeddable":true,"href":"https:\/\/ciecicapacita.com.mx\/ciecieditorial\/wp-json\/wp\/v2\/comments?post=144"}],"wp:featuredmedia":[{"embeddable":true,"href":"https:\/\/ciecicapacita.com.mx\/ciecieditorial\/wp-json\/wp\/v2\/media\/143"}],"wp:attachment":[{"href":"https:\/\/ciecicapacita.com.mx\/ciecieditorial\/wp-json\/wp\/v2\/media?parent=144"}],"wp:term":[{"taxonomy":"product_brand","embeddable":true,"href":"https:\/\/ciecicapacita.com.mx\/ciecieditorial\/wp-json\/wp\/v2\/product_brand?post=144"},{"taxonomy":"product_cat","embeddable":true,"href":"https:\/\/ciecicapacita.com.mx\/ciecieditorial\/wp-json\/wp\/v2\/product_cat?post=144"},{"taxonomy":"product_tag","embeddable":true,"href":"https:\/\/ciecicapacita.com.mx\/ciecieditorial\/wp-json\/wp\/v2\/product_tag?post=144"}],"curies":[{"name":"wp","href":"https:\/\/api.w.org\/{rel}","templated":true}]}}