{"id":148,"date":"2026-03-07T06:47:34","date_gmt":"2026-03-07T06:47:34","guid":{"rendered":"https:\/\/ciecicapacita.com.mx\/ciecieditorial\/producto\/un-director-para-el-siglo-xxi\/"},"modified":"2026-03-18T22:40:09","modified_gmt":"2026-03-18T22:40:09","slug":"un-director-para-el-siglo-xxi","status":"publish","type":"product","link":"https:\/\/ciecicapacita.com.mx\/ciecieditorial\/producto\/un-director-para-el-siglo-xxi\/","title":{"rendered":"Un director para el Siglo XXI"},"content":{"rendered":"<p>Autor(es): Sergio Rom\u00e1n Morales<br \/>\nISBN 978-607-9301-07-1<br \/>\n1a. ed., julio de 2013<\/p>\n<p>La funci\u00f3n directiva en el contexto hist\u00f3rico actual, demanda la movilizaci\u00f3n planeada, sistem\u00e1tica y colaborativa de los recursos humanos y materiales. Eso es \u201ccompetencia de gesti\u00f3n\u201d: la movilizaci\u00f3n de recursos, conocimientos, habilidades y actitudes para enfrentar situaciones concretas del centro escolar, El directivo escolar debe apropiarse de los qu\u00e9, porqu\u00e9, para qu\u00e9, c\u00f3mo y cu\u00e1ndo de la acci\u00f3n directiva. Se debe apoyar una nueva cultura escolar y ello depende m\u00e1s de cambios de actitud del director y de la comunidad educativa que de la simple informaci\u00f3n, capacitaci\u00f3n o aceptaci\u00f3n de las normas a seguir.<\/p>\n<p>En el presente texto, en consecuencia, el \u00e9nfasis se ha hecho en el car\u00e1cter contingente de la gesti\u00f3n directiva, con muchas las variables involucradas y, para tomar decisiones, el directivo debe sopesar los hechos, los elementos subjetivos, las ayudas conceptuales, metodolog\u00edas, normativas y sobre todo, el factor humano, El directivo escolar debe apoyar en principios profesionales, en su intuici\u00f3n, en un liderazgo situacional y en un modelo de gesti\u00f3n adaptado a las circunstancias.<\/p>\n","protected":false},"excerpt":{"rendered":"<p>Autor(es): Sergio Rom\u00e1n Morales<br \/>\nISBN 978-607-9301-07-1<br \/>\n1a. ed., julio de 2013<\/p>\n<p>La funci\u00f3n directiva en el contexto hist\u00f3rico actual, demanda la movilizaci\u00f3n planeada, sistem\u00e1tica y colaborativa de los recursos humanos y materiales. Eso es \u201ccompetenci<\/p>\n","protected":false},"featured_media":147,"comment_status":"open","ping_status":"closed","template":"","meta":[],"product_brand":[],"product_cat":[88],"product_tag":[39,27,40],"class_list":{"0":"post-148","1":"product","2":"type-product","3":"status-publish","4":"has-post-thumbnail","6":"product_cat-libro-digital","7":"product_tag-gestion-escolar","8":"product_tag-mejorar-competencias","9":"product_tag-proyectos-de-gestion","11":"first","12":"instock","13":"downloadable","14":"shipping-taxable","15":"purchasable","16":"product-type-simple"},"_links":{"self":[{"href":"https:\/\/ciecicapacita.com.mx\/ciecieditorial\/wp-json\/wp\/v2\/product\/148","targetHints":{"allow":["GET"]}}],"collection":[{"href":"https:\/\/ciecicapacita.com.mx\/ciecieditorial\/wp-json\/wp\/v2\/product"}],"about":[{"href":"https:\/\/ciecicapacita.com.mx\/ciecieditorial\/wp-json\/wp\/v2\/types\/product"}],"replies":[{"embeddable":true,"href":"https:\/\/ciecicapacita.com.mx\/ciecieditorial\/wp-json\/wp\/v2\/comments?post=148"}],"wp:featuredmedia":[{"embeddable":true,"href":"https:\/\/ciecicapacita.com.mx\/ciecieditorial\/wp-json\/wp\/v2\/media\/147"}],"wp:attachment":[{"href":"https:\/\/ciecicapacita.com.mx\/ciecieditorial\/wp-json\/wp\/v2\/media?parent=148"}],"wp:term":[{"taxonomy":"product_brand","embeddable":true,"href":"https:\/\/ciecicapacita.com.mx\/ciecieditorial\/wp-json\/wp\/v2\/product_brand?post=148"},{"taxonomy":"product_cat","embeddable":true,"href":"https:\/\/ciecicapacita.com.mx\/ciecieditorial\/wp-json\/wp\/v2\/product_cat?post=148"},{"taxonomy":"product_tag","embeddable":true,"href":"https:\/\/ciecicapacita.com.mx\/ciecieditorial\/wp-json\/wp\/v2\/product_tag?post=148"}],"curies":[{"name":"wp","href":"https:\/\/api.w.org\/{rel}","templated":true}]}}