{"id":150,"date":"2026-03-07T06:47:35","date_gmt":"2026-03-07T06:47:35","guid":{"rendered":"https:\/\/ciecicapacita.com.mx\/ciecieditorial\/producto\/construyendo-competencias-en-educacion\/"},"modified":"2026-03-18T21:00:43","modified_gmt":"2026-03-18T21:00:43","slug":"construyendo-competencias-en-educacion","status":"publish","type":"product","link":"https:\/\/ciecicapacita.com.mx\/ciecieditorial\/producto\/construyendo-competencias-en-educacion\/","title":{"rendered":"Construyendo competencias en educaci\u00f3n"},"content":{"rendered":"<p>Desde hace una d\u00e9cada los autores de la presente obra decidimos emprender un proyecto encaminado al desarrollo de competencias desde al aula, accesible a los docentes frente a grupo, comprensible para todos con la profundidad y ell sustento t\u00e9cnico necesario para que tuviera la seriedad\u00a0requerida en el \u00e1mbito metodol\u00f3gico. Despu\u00e9s de las m\u00faltiples experiencias derivadas de la puesta en pr\u00e1ctica de nuestras construcciones, fuimos afinando detalles, enriqueciendo el trabajo de la mano de muchos docentes, investigando., poniendo a prueba, las nuevas aportaciones y al final les hemos dado forma a las aportaciones pr\u00e1cticas a partir de un trinomio que consideramos indisociable en la formaci\u00f3n integral de los educandos. El dise\u00f1o de situaciones de aprendizaje, la evaluaci\u00f3n cuali-cuantitativa y las estrategias did\u00e1cticas.<\/p>\n<p>Esta aportaci\u00f3n refleja la madurez de un camino recorrido y se erige como la joya de la corona , no porque sea algo nuevo, sino simplemente porque es una aportaci\u00f3n a la educaci\u00f3n que ya pas\u00f3 por el rigor de la ciencia aplicada y se tradujo en este libro escrito a partir de las recopilaciones de obras publicadas en ediciones anteriores, pero que hoy con la riqueza de la experiencia adquirida se convierte sin lugar a dudas en un referente obligado cuando se hable del desarrollo de competencias en la escuela.<\/p>\n","protected":false},"excerpt":{"rendered":"<p>Desde hace una d\u00e9cada los autores de la presente obra decidimos emprender un proyecto encaminado al desarrollo de competencias desde al aula, accesible a los docentes frente a grupo, comprensible para todos con la profundidad y ell sustento t\u00e9cnico n<\/p>\n","protected":false},"featured_media":149,"comment_status":"open","ping_status":"closed","template":"","meta":[],"product_brand":[],"product_cat":[88],"product_tag":[],"class_list":{"0":"post-150","1":"product","2":"type-product","3":"status-publish","4":"has-post-thumbnail","6":"product_cat-libro-digital","8":"first","9":"instock","10":"downloadable","11":"shipping-taxable","12":"purchasable","13":"product-type-simple"},"_links":{"self":[{"href":"https:\/\/ciecicapacita.com.mx\/ciecieditorial\/wp-json\/wp\/v2\/product\/150","targetHints":{"allow":["GET"]}}],"collection":[{"href":"https:\/\/ciecicapacita.com.mx\/ciecieditorial\/wp-json\/wp\/v2\/product"}],"about":[{"href":"https:\/\/ciecicapacita.com.mx\/ciecieditorial\/wp-json\/wp\/v2\/types\/product"}],"replies":[{"embeddable":true,"href":"https:\/\/ciecicapacita.com.mx\/ciecieditorial\/wp-json\/wp\/v2\/comments?post=150"}],"wp:featuredmedia":[{"embeddable":true,"href":"https:\/\/ciecicapacita.com.mx\/ciecieditorial\/wp-json\/wp\/v2\/media\/149"}],"wp:attachment":[{"href":"https:\/\/ciecicapacita.com.mx\/ciecieditorial\/wp-json\/wp\/v2\/media?parent=150"}],"wp:term":[{"taxonomy":"product_brand","embeddable":true,"href":"https:\/\/ciecicapacita.com.mx\/ciecieditorial\/wp-json\/wp\/v2\/product_brand?post=150"},{"taxonomy":"product_cat","embeddable":true,"href":"https:\/\/ciecicapacita.com.mx\/ciecieditorial\/wp-json\/wp\/v2\/product_cat?post=150"},{"taxonomy":"product_tag","embeddable":true,"href":"https:\/\/ciecicapacita.com.mx\/ciecieditorial\/wp-json\/wp\/v2\/product_tag?post=150"}],"curies":[{"name":"wp","href":"https:\/\/api.w.org\/{rel}","templated":true}]}}