{"id":154,"date":"2026-03-07T06:47:38","date_gmt":"2026-03-07T06:47:38","guid":{"rendered":"https:\/\/ciecicapacita.com.mx\/ciecieditorial\/producto\/manual-operativo-para-el-diseno-de-situaciones-didacticas-por-competencias\/"},"modified":"2026-03-18T22:26:12","modified_gmt":"2026-03-18T22:26:12","slug":"manual-operativo-para-el-diseno-de-situaciones-didacticas-por-competencias","status":"publish","type":"product","link":"https:\/\/ciecicapacita.com.mx\/ciecieditorial\/producto\/manual-operativo-para-el-diseno-de-situaciones-didacticas-por-competencias\/","title":{"rendered":"Manual Operativo para el Dise\u00f1o de Situaciones Did\u00e1cticas por Competencias"},"content":{"rendered":"<p>Dise\u00f1ar situaciones de aprendizaje es una de las tareas m\u00e1s relevantes del profesor, ya que representa la concreci\u00f3n de una serie de procesos y construcciones previos que encuentran su v\u00eda de salida en el aspecto procedimental de la docencia. Tal relevancia reviste este momento, que puede inclusive marcar la diferencia que distingue el oficio, de la profesi\u00f3n docente. Quien practica u oficio repite recetas, aplica instrucciones, sigue indicaciones al pie de la letra, en cambio quien ejerce una profesi\u00f3n tiene un notable grado de construcci\u00f3n\u00a0personal, iniciativa y creatividad.<\/p>\n<p>En el enfoque por competencias, debe asegurarse el v\u00ednculo metodol\u00f3gico entre el programa, el dise\u00f1o did\u00e1ctico y la evaluaci\u00f3n una estricta congruencia entre estos tres componentes, garantiza un actuar docente sistem\u00e1tico y autorregulado.<\/p>\n<p>Como premisa b\u00e1sica b\u00e1sica surge la apropiaci\u00f3n y dominio de los elementos del plan de estudios vigente, de su perfil de egreso, del\u00a0programa de asignatura, sus prop\u00f3sitos y competencias disciplinares aunados al conocimiento tem\u00e1tico y de contenidos del docente por un lado; un segundo componente es el dominio de las estrategias did\u00e1cticas variadas, ese arsenal deseable en cada profesor, que responda a las mil y una modalidades y situaciones de necesidad educativa que se pueden presentar en el cotidiano quehacer; y el tercer componente: la apropiaci\u00f3n y el dominio de procedimientos tanto cualitativos y cuantitativos para evaluar el aprendizaje, pensados desde el momento de la planeaci\u00f3n y no al final de la situaci\u00f3n, cuando ya se ejecutaron las actividades, como es com\u00fan en la cotidianeidad de nuestra escuela.<\/p>\n","protected":false},"excerpt":{"rendered":"<p>Dise\u00f1ar situaciones de aprendizaje es una de las tareas m\u00e1s relevantes del profesor, ya que representa la concreci\u00f3n de una serie de procesos y construcciones previos que encuentran su v\u00eda de salida en el aspecto procedimental de la docencia. Tal rel<\/p>\n","protected":false},"featured_media":153,"comment_status":"open","ping_status":"closed","template":"","meta":[],"product_brand":[],"product_cat":[88],"product_tag":[],"class_list":{"0":"post-154","1":"product","2":"type-product","3":"status-publish","4":"has-post-thumbnail","6":"product_cat-libro-digital","8":"first","9":"instock","10":"downloadable","11":"shipping-taxable","12":"purchasable","13":"product-type-simple"},"_links":{"self":[{"href":"https:\/\/ciecicapacita.com.mx\/ciecieditorial\/wp-json\/wp\/v2\/product\/154","targetHints":{"allow":["GET"]}}],"collection":[{"href":"https:\/\/ciecicapacita.com.mx\/ciecieditorial\/wp-json\/wp\/v2\/product"}],"about":[{"href":"https:\/\/ciecicapacita.com.mx\/ciecieditorial\/wp-json\/wp\/v2\/types\/product"}],"replies":[{"embeddable":true,"href":"https:\/\/ciecicapacita.com.mx\/ciecieditorial\/wp-json\/wp\/v2\/comments?post=154"}],"wp:featuredmedia":[{"embeddable":true,"href":"https:\/\/ciecicapacita.com.mx\/ciecieditorial\/wp-json\/wp\/v2\/media\/153"}],"wp:attachment":[{"href":"https:\/\/ciecicapacita.com.mx\/ciecieditorial\/wp-json\/wp\/v2\/media?parent=154"}],"wp:term":[{"taxonomy":"product_brand","embeddable":true,"href":"https:\/\/ciecicapacita.com.mx\/ciecieditorial\/wp-json\/wp\/v2\/product_brand?post=154"},{"taxonomy":"product_cat","embeddable":true,"href":"https:\/\/ciecicapacita.com.mx\/ciecieditorial\/wp-json\/wp\/v2\/product_cat?post=154"},{"taxonomy":"product_tag","embeddable":true,"href":"https:\/\/ciecicapacita.com.mx\/ciecieditorial\/wp-json\/wp\/v2\/product_tag?post=154"}],"curies":[{"name":"wp","href":"https:\/\/api.w.org\/{rel}","templated":true}]}}