{"id":157,"date":"2026-03-07T06:47:40","date_gmt":"2026-03-07T06:47:40","guid":{"rendered":"https:\/\/ciecicapacita.com.mx\/ciecieditorial\/producto\/diseno-de-situaciones-centradas-en-el-aprendizaje\/"},"modified":"2026-03-18T21:03:44","modified_gmt":"2026-03-18T21:03:44","slug":"diseno-de-situaciones-centradas-en-el-aprendizaje","status":"publish","type":"product","link":"https:\/\/ciecicapacita.com.mx\/ciecieditorial\/producto\/diseno-de-situaciones-centradas-en-el-aprendizaje\/","title":{"rendered":"Dise\u00f1o de Situaciones Centradas en el Aprendizaje"},"content":{"rendered":"<p>Esta obra esta destinada principalmente a los maestros de todos los niveles educativos, que cotidianamente dedican un esfuerzo a la planeaci\u00f3n, al dise\u00f1o de situaciones de aprendizaje, retadoras y desafiantes que las reformas curriculares hoy exigen, para evitar la apat\u00eda y el desinter\u00e9s que en ocasiones muestran los educandos.<\/p>\n<p>Ofrece el paso a paso de la planeaci\u00f3n, con dominio metodol\u00f3gico, favoreciendo la pericia del docente como un profesional del dise\u00f1o did\u00e1ctico para dejar de verse a si mismo como \u00abel que llega al aula solo a dar su tema\u00bb.<\/p>\n<p>Es innegable que a mayor dominio docente sobre aspectos del dise\u00f1o de situaciones centradas en el aprendizaje y orientadas hacia el desarrollo de competencias, el docente tiene menos posibilidades de error, controla las variables, las estrategias, los insumos de informaci\u00f3n, los criterios y las herramientas de evaluaci\u00f3n, si esto es as\u00ed, el pron\u00f3stico: Mejores resultados de aprendizaje, y evidencia de que las competencias para la vida, y los que corresponden a cada perfil de egreso, se logren a cabalidad.<\/p>\n<p>Encontrar\u00e1 tambi\u00e9n una opci\u00f3n de planeaci\u00f3n en l\u00ednea que ahorra el 70% en tiempo sin sacrificar la pertinencia y la creatividad del docente dise\u00f1ador.<\/p>\n<p>Iniciemos este recorrido de mano de la fuerte y firme del dominio conceptual, procedimental y actitudinal para el dise\u00f1o de situaciones centradas en el aprendizaje, despu\u00e9s de este libro, las Reformas educativas empiezan a tomar sentido, y nos\u00a0generan esa intenci\u00f3n de aterrizarlos ya en nuestro espacio \u00e1ulico con nuestros \u00abin\u00e9ditos\u00bb pero muy queridos, educandos de hoy.<\/p>\n","protected":false},"excerpt":{"rendered":"<p>Esta obra esta destinada principalmente a los maestros de todos los niveles educativos, que cotidianamente dedican un esfuerzo a la planeaci\u00f3n, al dise\u00f1o de situaciones de aprendizaje, retadoras y desafiantes que las reformas curriculares hoy exigen,<\/p>\n","protected":false},"featured_media":156,"comment_status":"open","ping_status":"closed","template":"","meta":[],"product_brand":[],"product_cat":[88],"product_tag":[],"class_list":{"0":"post-157","1":"product","2":"type-product","3":"status-publish","4":"has-post-thumbnail","6":"product_cat-libro-digital","8":"first","9":"instock","10":"downloadable","11":"shipping-taxable","12":"purchasable","13":"product-type-simple"},"_links":{"self":[{"href":"https:\/\/ciecicapacita.com.mx\/ciecieditorial\/wp-json\/wp\/v2\/product\/157","targetHints":{"allow":["GET"]}}],"collection":[{"href":"https:\/\/ciecicapacita.com.mx\/ciecieditorial\/wp-json\/wp\/v2\/product"}],"about":[{"href":"https:\/\/ciecicapacita.com.mx\/ciecieditorial\/wp-json\/wp\/v2\/types\/product"}],"replies":[{"embeddable":true,"href":"https:\/\/ciecicapacita.com.mx\/ciecieditorial\/wp-json\/wp\/v2\/comments?post=157"}],"wp:featuredmedia":[{"embeddable":true,"href":"https:\/\/ciecicapacita.com.mx\/ciecieditorial\/wp-json\/wp\/v2\/media\/156"}],"wp:attachment":[{"href":"https:\/\/ciecicapacita.com.mx\/ciecieditorial\/wp-json\/wp\/v2\/media?parent=157"}],"wp:term":[{"taxonomy":"product_brand","embeddable":true,"href":"https:\/\/ciecicapacita.com.mx\/ciecieditorial\/wp-json\/wp\/v2\/product_brand?post=157"},{"taxonomy":"product_cat","embeddable":true,"href":"https:\/\/ciecicapacita.com.mx\/ciecieditorial\/wp-json\/wp\/v2\/product_cat?post=157"},{"taxonomy":"product_tag","embeddable":true,"href":"https:\/\/ciecicapacita.com.mx\/ciecieditorial\/wp-json\/wp\/v2\/product_tag?post=157"}],"curies":[{"name":"wp","href":"https:\/\/api.w.org\/{rel}","templated":true}]}}