{"id":171,"date":"2026-03-07T06:47:59","date_gmt":"2026-03-07T06:47:59","guid":{"rendered":"https:\/\/ciecicapacita.com.mx\/ciecieditorial\/producto\/la-educacion-de-las-nuevas-generaciones\/"},"modified":"2026-03-18T22:24:34","modified_gmt":"2026-03-18T22:24:34","slug":"la-educacion-de-las-nuevas-generaciones","status":"publish","type":"product","link":"https:\/\/ciecicapacita.com.mx\/ciecieditorial\/producto\/la-educacion-de-las-nuevas-generaciones\/","title":{"rendered":"La Educaci\u00f3n de las Nuevas Generaciones"},"content":{"rendered":"<p>En esta obra los autores ofrecen una panor\u00e1mica acerca de las causas por las que educar a las nuevas generaciones se est\u00e1 tornando en una tarea cada vez m\u00e1s dif\u00edcil tanto para la familia como para la escuela.<\/p>\n<p>En cada cap\u00edtulo del libro se abordan indicadores que se\u00f1alan que estamos ante un cambio de \u00e9poca en donde por primera vez en la historia de la humanidad, una generaci\u00f3n joven tiene mayor dominio que los adultos de un \u00e1rea de conocimiento: la tecnolog\u00eda.<\/p>\n<p>Las nuevas generaciones tienen mejores posibilidades que sus predecedoras para ser exitosas, por eso como sociedad, debemos encontrar las respuestas y las estrategias para encaminarlos y educarlos bien.<\/p>\n<p>Este libro en ese sentido es una propuesta clara basada en las formas diferenciadas en que las nuevas generaciones perciben y viven el mundo, as\u00ed como una invitaci\u00f3n a revolucionar el acto de educar.<\/p>\n","protected":false},"excerpt":{"rendered":"<p>En esta obra los autores ofrecen una panor\u00e1mica acerca de las causas por las que educar a las nuevas generaciones se est\u00e1 tornando en una tarea cada vez m\u00e1s dif\u00edcil tanto para la familia como para la escuela.<\/p>\n<p>En cada cap\u00edtulo del libro se abordan in<\/p>\n","protected":false},"featured_media":170,"comment_status":"open","ping_status":"closed","template":"","meta":[],"product_brand":[],"product_cat":[88],"product_tag":[],"class_list":{"0":"post-171","1":"product","2":"type-product","3":"status-publish","4":"has-post-thumbnail","6":"product_cat-libro-digital","8":"first","9":"instock","10":"downloadable","11":"shipping-taxable","12":"purchasable","13":"product-type-simple"},"_links":{"self":[{"href":"https:\/\/ciecicapacita.com.mx\/ciecieditorial\/wp-json\/wp\/v2\/product\/171","targetHints":{"allow":["GET"]}}],"collection":[{"href":"https:\/\/ciecicapacita.com.mx\/ciecieditorial\/wp-json\/wp\/v2\/product"}],"about":[{"href":"https:\/\/ciecicapacita.com.mx\/ciecieditorial\/wp-json\/wp\/v2\/types\/product"}],"replies":[{"embeddable":true,"href":"https:\/\/ciecicapacita.com.mx\/ciecieditorial\/wp-json\/wp\/v2\/comments?post=171"}],"wp:featuredmedia":[{"embeddable":true,"href":"https:\/\/ciecicapacita.com.mx\/ciecieditorial\/wp-json\/wp\/v2\/media\/170"}],"wp:attachment":[{"href":"https:\/\/ciecicapacita.com.mx\/ciecieditorial\/wp-json\/wp\/v2\/media?parent=171"}],"wp:term":[{"taxonomy":"product_brand","embeddable":true,"href":"https:\/\/ciecicapacita.com.mx\/ciecieditorial\/wp-json\/wp\/v2\/product_brand?post=171"},{"taxonomy":"product_cat","embeddable":true,"href":"https:\/\/ciecicapacita.com.mx\/ciecieditorial\/wp-json\/wp\/v2\/product_cat?post=171"},{"taxonomy":"product_tag","embeddable":true,"href":"https:\/\/ciecicapacita.com.mx\/ciecieditorial\/wp-json\/wp\/v2\/product_tag?post=171"}],"curies":[{"name":"wp","href":"https:\/\/api.w.org\/{rel}","templated":true}]}}