{"id":184,"date":"2026-03-07T06:48:14","date_gmt":"2026-03-07T06:48:14","guid":{"rendered":"https:\/\/ciecicapacita.com.mx\/ciecieditorial\/producto\/andanzas-de-una-abuela-enamorada\/"},"modified":"2026-03-18T19:24:05","modified_gmt":"2026-03-18T19:24:05","slug":"andanzas-de-una-abuela-enamorada","status":"publish","type":"product","link":"https:\/\/ciecicapacita.com.mx\/ciecieditorial\/producto\/andanzas-de-una-abuela-enamorada\/","title":{"rendered":"Andanzas de una abuela enamorada"},"content":{"rendered":"<p>La versatilidad de la autora, Patricia Frola Ruiz, queda comprobada en esta obra, donde manifiesta su amor por la letra escrita, sumando a su ya extensa literatura acad\u00e9mica, con m\u00e1s de veinte obras editadas, esta nueva publicaci\u00f3n, en donde el protagonista es su \u201cprimer nieto\u201d, quien desata la inspiraci\u00f3n para recordar desde la infancia hasta este momento en que \u201cser abuela\u201d le permiti\u00f3 tener el motivo para escribir todo lo que aqu\u00ed encontrar\u00e1 el lector.En palabras de ella misma, nos dice: \u201c\u2026 este poema sali\u00f3 de un instante de crucero, cuando el pap\u00e1 en un discurso que dur\u00f3 4 segundos desat\u00f3 la taquicardia de toda la concurrencia. \u00a1Estamos embarazados!&#8230; \u00a1y la luna enmudeci\u00f3! Pero yo sal\u00ed de un salto a abrazar al caballero que me asign\u00f3 el noble cargo, ser\u00e1s abuela se\u00f1ora\u2026 y el cargo me enamor\u00f3\u201dY as\u00ed fue y entonces se comprueba lo que dicen que ser abuela o abuelo, es lo m\u00e1s parecido a volverse a enamorar y en definitiva, la autora ha vivido este sentimiento de amor inigualable, dando por resultado que todos podamos disfrutar a lo largo de este libro, esas l\u00edneas que provocan animarse con la alegr\u00eda compartida.Los poemas est\u00e1n distribuidos por temas, cada uno con un t\u00edtulo ocurrente, entre los que podemos mencionar: El beb\u00e9 come crayolas, naranjo agrio hace mermelada, abuela vegana, dos alas para la novia, mi ni\u00f1a no escribe, \u00a1 baila \u00a1, y en el hilo de un permiso,<\/p>\n","protected":false},"excerpt":{"rendered":"<p>La versatilidad de la autora, Patricia Frola Ruiz, queda comprobada en esta obra, donde manifiesta su amor por la letra escrita, sumando a su ya extensa literatura acad\u00e9mica, con m\u00e1s de veinte obras editadas, esta nueva publicaci\u00f3n, en donde el prota<\/p>\n","protected":false},"featured_media":183,"comment_status":"open","ping_status":"closed","template":"","meta":[],"product_brand":[],"product_cat":[88],"product_tag":[41,42],"class_list":{"0":"post-184","1":"product","2":"type-product","3":"status-publish","4":"has-post-thumbnail","6":"product_cat-libro-digital","7":"product_tag-cuentos","8":"product_tag-poemas","10":"first","11":"instock","12":"downloadable","13":"shipping-taxable","14":"purchasable","15":"product-type-simple"},"_links":{"self":[{"href":"https:\/\/ciecicapacita.com.mx\/ciecieditorial\/wp-json\/wp\/v2\/product\/184","targetHints":{"allow":["GET"]}}],"collection":[{"href":"https:\/\/ciecicapacita.com.mx\/ciecieditorial\/wp-json\/wp\/v2\/product"}],"about":[{"href":"https:\/\/ciecicapacita.com.mx\/ciecieditorial\/wp-json\/wp\/v2\/types\/product"}],"replies":[{"embeddable":true,"href":"https:\/\/ciecicapacita.com.mx\/ciecieditorial\/wp-json\/wp\/v2\/comments?post=184"}],"wp:featuredmedia":[{"embeddable":true,"href":"https:\/\/ciecicapacita.com.mx\/ciecieditorial\/wp-json\/wp\/v2\/media\/183"}],"wp:attachment":[{"href":"https:\/\/ciecicapacita.com.mx\/ciecieditorial\/wp-json\/wp\/v2\/media?parent=184"}],"wp:term":[{"taxonomy":"product_brand","embeddable":true,"href":"https:\/\/ciecicapacita.com.mx\/ciecieditorial\/wp-json\/wp\/v2\/product_brand?post=184"},{"taxonomy":"product_cat","embeddable":true,"href":"https:\/\/ciecicapacita.com.mx\/ciecieditorial\/wp-json\/wp\/v2\/product_cat?post=184"},{"taxonomy":"product_tag","embeddable":true,"href":"https:\/\/ciecicapacita.com.mx\/ciecieditorial\/wp-json\/wp\/v2\/product_tag?post=184"}],"curies":[{"name":"wp","href":"https:\/\/api.w.org\/{rel}","templated":true}]}}