{"id":189,"date":"2026-03-07T06:48:18","date_gmt":"2026-03-07T06:48:18","guid":{"rendered":"https:\/\/ciecicapacita.com.mx\/ciecieditorial\/producto\/estrategias-para-el-aprendizaje-en-escenarios-hibridos-cinco-ideas-clave-para-la-innovacion\/"},"modified":"2026-03-18T22:17:07","modified_gmt":"2026-03-18T22:17:07","slug":"estrategias-para-el-aprendizaje-en-escenarios-hibridos-cinco-ideas-clave-para-la-innovacion","status":"publish","type":"product","link":"https:\/\/ciecicapacita.com.mx\/ciecieditorial\/producto\/estrategias-para-el-aprendizaje-en-escenarios-hibridos-cinco-ideas-clave-para-la-innovacion\/","title":{"rendered":"Estrategias para el Aprendizaje en Escenarios H\u00edbridos. Cinco Ideas clave para la Innovaci\u00f3n"},"content":{"rendered":"<p>La humanidad vivi\u00f3 un fen\u00f3meno que ser\u00e1 parte de la historia y recordado durante las siguientes d\u00e9cadas del siglo XXI por quienes lo hemos vivido, nos referimos a la \u201cEpidemia generada por el virus Sarscov2\u201d conocida como: COVID-19. El factor sorpresa fue el com\u00fan denominador, todos los \u00e1mbitos fueron alcanzados y nos vimos en la necesidad de cambiar nuestra forma de \u201cvivir\u201d. El sector educativo no fue la excepci\u00f3n y dada su importancia en la sociedad, fue uno de los que marc\u00f3 el futuro de la humanidad entera.<\/p>\n<p>De ah\u00ed que, profesionales de la educaci\u00f3n, alumnos de todos los niveles y sus familias, han tenido que desarrollar nuevas formas de ense\u00f1ar y aprender, por ello en el Centro de Investigaci\u00f3n educativa y Capacitaci\u00f3n Institucional (CIECI), ofreci\u00f3 un Diplomado cuyo resultado lo tenemos en esta obra, en donde se encuentran los cinco temas que se hace necesarios conocer, para abordar la realidad que vivimos hoy. Los escritores de esta obra se distinguen por su talento y creatividad para desarrollar el aprendizaje situacional, es decir, dar al entorno social una importancia preponderante.<\/p>\n<p>Mencionar tambi\u00e9n que de las aportaciones de este tipo de aprendizaje se han derivado metodolog\u00edas que privilegian la construcci\u00f3n social del conocimiento. Entre las destacadas aportaciones que se hacen a trav\u00e9s de este libro, tenemos el contar con un contenido acorde con la Nueva Escuela Mexicana, ya que, entre sus m\u00faltiples propuestas, podemos distinguir la prioridad que se le da a lo comunitario sobre lo individual, de la misma forma, los planteamientos pedag\u00f3gicos que fomentan el aprendizaje a partir de situaciones que emanan de la realidad. El lector obtendr\u00e1 con esta obra, un cumulo de conocimientos realizados por los autores, quienes comparten importantes herramientas para el desarrollo de los aprendizajes que ante un cambio de paradigma requieren ser abordados con nuevas formas.<\/p>\n","protected":false},"excerpt":{"rendered":"<p>La humanidad vivi\u00f3 un fen\u00f3meno que ser\u00e1 parte de la historia y recordado durante las siguientes d\u00e9cadas del siglo XXI por quienes lo hemos vivido, nos referimos a la \u201cEpidemia generada por el virus Sarscov2\u201d conocida como: COVID-19. El factor sorpres<\/p>\n","protected":false},"featured_media":188,"comment_status":"open","ping_status":"closed","template":"","meta":[],"product_brand":[],"product_cat":[88],"product_tag":[43,44],"class_list":{"0":"post-189","1":"product","2":"type-product","3":"status-publish","4":"has-post-thumbnail","6":"product_cat-libro-digital","7":"product_tag-aula-invertida","8":"product_tag-socioemocional","10":"first","11":"instock","12":"downloadable","13":"shipping-taxable","14":"purchasable","15":"product-type-simple"},"_links":{"self":[{"href":"https:\/\/ciecicapacita.com.mx\/ciecieditorial\/wp-json\/wp\/v2\/product\/189","targetHints":{"allow":["GET"]}}],"collection":[{"href":"https:\/\/ciecicapacita.com.mx\/ciecieditorial\/wp-json\/wp\/v2\/product"}],"about":[{"href":"https:\/\/ciecicapacita.com.mx\/ciecieditorial\/wp-json\/wp\/v2\/types\/product"}],"replies":[{"embeddable":true,"href":"https:\/\/ciecicapacita.com.mx\/ciecieditorial\/wp-json\/wp\/v2\/comments?post=189"}],"wp:featuredmedia":[{"embeddable":true,"href":"https:\/\/ciecicapacita.com.mx\/ciecieditorial\/wp-json\/wp\/v2\/media\/188"}],"wp:attachment":[{"href":"https:\/\/ciecicapacita.com.mx\/ciecieditorial\/wp-json\/wp\/v2\/media?parent=189"}],"wp:term":[{"taxonomy":"product_brand","embeddable":true,"href":"https:\/\/ciecicapacita.com.mx\/ciecieditorial\/wp-json\/wp\/v2\/product_brand?post=189"},{"taxonomy":"product_cat","embeddable":true,"href":"https:\/\/ciecicapacita.com.mx\/ciecieditorial\/wp-json\/wp\/v2\/product_cat?post=189"},{"taxonomy":"product_tag","embeddable":true,"href":"https:\/\/ciecicapacita.com.mx\/ciecieditorial\/wp-json\/wp\/v2\/product_tag?post=189"}],"curies":[{"name":"wp","href":"https:\/\/api.w.org\/{rel}","templated":true}]}}