{"id":193,"date":"2026-03-07T06:48:21","date_gmt":"2026-03-07T06:48:21","guid":{"rendered":"https:\/\/ciecicapacita.com.mx\/ciecieditorial\/producto\/el-trabajo-por-proyectos-en-el-marco-curricular-de-la-nueva-escuela-mexicana\/"},"modified":"2026-05-10T04:39:14","modified_gmt":"2026-05-10T04:39:14","slug":"el-trabajo-por-proyectos-en-el-marco-curricular-de-la-nueva-escuela-mexicana","status":"publish","type":"product","link":"https:\/\/ciecicapacita.com.mx\/ciecieditorial\/producto\/el-trabajo-por-proyectos-en-el-marco-curricular-de-la-nueva-escuela-mexicana\/","title":{"rendered":"El trabajo por proyectos: En el marco curricular de la Nueva Escuela Mexicana"},"content":{"rendered":"<p>El trabajo por proyectos<br \/>\nEn el marco curricular de la Nueva Escuela Mexicana<\/p>\n<p>Es un hecho que los sistemas educativos del mundo marcan nuevos rumbos y caminos diversos para dar respuesta a las demandas y necesidades de las sociedades actuales, la educaci\u00f3n tuvo que rescatar una tendencia, que si bien ya exist\u00eda, cobr\u00f3 una especial relevancia como paradigma de ense\u00f1anza, esto es, el aprendizaje situacional que se caracteriza por llevar \u201cla vida misma\u201d a la escuela a trav\u00e9s de situaciones did\u00e1cticas que se vinculan con la forma en que los nuevos educandos prefieren aprender, esto es, \u201cen situaci\u00f3n, a partir de la vivencia\u201d<\/p>\n<p>Derivado de lo anterior es importante recalcar que el paradigma situacional que evoca el aprendizaje a partir de situaciones, es el que nos da amplitud para desarrollar la capacidad dise\u00f1adora que todos los educadores debemos ejercer para crear y garantizar el m\u00e1ximo logro de las ni\u00f1as, ni\u00f1os y adolescentes<\/p>\n<p>La Nueva Escuela Mexicana (NEM), enarbola el aprendizaje situacional y promueve su implementaci\u00f3n ofreciendo a las y los maestros la flexibilidad metodol\u00f3gica y los espacios, para que se apropien cabalmente de la metodolog\u00eda y los procedimientos que cada una de las estrategias situacionales requiere, es por ello que se ha desarrollado el contenido de este libro en donde se comparten los conocimientos y herramientas necesarias para lograrlo, por medio de un contenido dividido en bloques en los que se lleva de la mano al lector por un recorrido que explica cada uno de los temas, as\u00ed podemos destacar en el bloque uno, los antecedentes y aportaciones principales de las \u00faltimas reformas; en el bloque dos se describe e invita a implementar la amplia gama de estrategias did\u00e1cticas situacionales y que toman la modalidad de proyecto, explicando el paso a paso de cada una de ellas: \u201cAprendizaje basado en proyectos\u201d. Se continua con el bloque tres en donde se da la v\u00eda para resolver metodol\u00f3gicamente la planeaci\u00f3n y la evaluaci\u00f3n en el cotidiano de las y los maestros, a trav\u00e9s de la planeaci\u00f3n de los proyectos y su consecuente evaluaci\u00f3n, por \u00faltimo la concreci\u00f3n pr\u00e1ctica de los proyectos que han demostrado su \u00e9xito para lograr que los educandos aprendan, se da en el bloque cuatro que va acompa\u00f1ado de ejemplos de cada una de las estrategias situacionales que dan testimonio de todo lo expuesto en la obra.<\/p>\n<p>Finalmente podemos decir que: El trabajo por proyectos en el marco curricular de la Nueva Escuela Mexicana, se presenta en esta obra, de forma pr\u00e1ctica, bien explicada y con todos los elementos necesarios para su comprensi\u00f3n y aplicaci\u00f3n.<\/p>\n","protected":false},"excerpt":{"rendered":"<p>El trabajo por proyectos<br \/>\nEn el marco curricular de la Nueva Escuela Mexicana<\/p>\n<p>Es un hecho que los sistemas educativos del mundo marcan nuevos rumbos y caminos diversos para dar respuesta a las demandas y necesidades de las sociedades actuales, la ed<\/p>\n","protected":false},"featured_media":192,"comment_status":"open","ping_status":"closed","template":"","meta":[],"product_brand":[],"product_cat":[88],"product_tag":[],"class_list":{"0":"post-193","1":"product","2":"type-product","3":"status-publish","4":"has-post-thumbnail","6":"product_cat-libro-digital","8":"first","9":"instock","10":"downloadable","11":"shipping-taxable","12":"purchasable","13":"product-type-simple"},"_links":{"self":[{"href":"https:\/\/ciecicapacita.com.mx\/ciecieditorial\/wp-json\/wp\/v2\/product\/193","targetHints":{"allow":["GET"]}}],"collection":[{"href":"https:\/\/ciecicapacita.com.mx\/ciecieditorial\/wp-json\/wp\/v2\/product"}],"about":[{"href":"https:\/\/ciecicapacita.com.mx\/ciecieditorial\/wp-json\/wp\/v2\/types\/product"}],"replies":[{"embeddable":true,"href":"https:\/\/ciecicapacita.com.mx\/ciecieditorial\/wp-json\/wp\/v2\/comments?post=193"}],"wp:featuredmedia":[{"embeddable":true,"href":"https:\/\/ciecicapacita.com.mx\/ciecieditorial\/wp-json\/wp\/v2\/media\/192"}],"wp:attachment":[{"href":"https:\/\/ciecicapacita.com.mx\/ciecieditorial\/wp-json\/wp\/v2\/media?parent=193"}],"wp:term":[{"taxonomy":"product_brand","embeddable":true,"href":"https:\/\/ciecicapacita.com.mx\/ciecieditorial\/wp-json\/wp\/v2\/product_brand?post=193"},{"taxonomy":"product_cat","embeddable":true,"href":"https:\/\/ciecicapacita.com.mx\/ciecieditorial\/wp-json\/wp\/v2\/product_cat?post=193"},{"taxonomy":"product_tag","embeddable":true,"href":"https:\/\/ciecicapacita.com.mx\/ciecieditorial\/wp-json\/wp\/v2\/product_tag?post=193"}],"curies":[{"name":"wp","href":"https:\/\/api.w.org\/{rel}","templated":true}]}}