{"id":196,"date":"2026-03-07T06:48:24","date_gmt":"2026-03-07T06:48:24","guid":{"rendered":"https:\/\/ciecicapacita.com.mx\/ciecieditorial\/producto\/estrategias-didacticas-adaptadas-a-personas-con-discapacidad-auditiva\/"},"modified":"2026-03-18T22:10:19","modified_gmt":"2026-03-18T22:10:19","slug":"estrategias-didacticas-adaptadas-a-personas-con-discapacidad-auditiva","status":"publish","type":"product","link":"https:\/\/ciecicapacita.com.mx\/ciecieditorial\/producto\/estrategias-didacticas-adaptadas-a-personas-con-discapacidad-auditiva\/","title":{"rendered":"Estrategias Did\u00e1cticas.Adaptadas a personas con discapacidad auditiva."},"content":{"rendered":"<p>Esta obra nos muestra lo que todo docente, padre y\/o madre, necesita saber para comunicarse con las ni\u00f1as y ni\u00f1os con discapacidad auditiva.<\/p>\n<p>Est\u00e1 pensado para t\u00ed maestra y maestro del grupo escolar com\u00fan; para los padres y madres que a veces no saben (o sabemos) como responder o reaccionar ante un reto de esta magnitud, pero que se informan, observan y preguntan, y sobre todo que est\u00e1n dispuestos a mirar y escuchar lo que una mente preparada y un coraz\u00f3n sensible pueden aportar.<\/p>\n<p>Explica la forma en la que por desconocimiento los docentes y padres podemos generar barreras de aprendizaje, y tambi\u00e9n brinda herramientas divertidas y direccionadas para construir una verdadera educaci\u00f3n incluyente (que en muchos centros educativos sigue siendo una utop\u00eda), para hacer que esa utop\u00eda comience a ser una realidad en cada aula y en cada escuela.<\/p>\n","protected":false},"excerpt":{"rendered":"<p>Esta obra nos muestra lo que todo docente, padre y\/o madre, necesita saber para comunicarse con las ni\u00f1as y ni\u00f1os con discapacidad auditiva.<\/p>\n<p>Est\u00e1 pensado para t\u00ed maestra y maestro del grupo escolar com\u00fan; para los padres y madres que a veces no sabe<\/p>\n","protected":false},"featured_media":195,"comment_status":"open","ping_status":"closed","template":"","meta":[],"product_brand":[],"product_cat":[92],"product_tag":[],"class_list":{"0":"post-196","1":"product","2":"type-product","3":"status-publish","4":"has-post-thumbnail","6":"product_cat-e-books","8":"first","9":"instock","10":"downloadable","11":"shipping-taxable","12":"purchasable","13":"product-type-simple"},"_links":{"self":[{"href":"https:\/\/ciecicapacita.com.mx\/ciecieditorial\/wp-json\/wp\/v2\/product\/196","targetHints":{"allow":["GET"]}}],"collection":[{"href":"https:\/\/ciecicapacita.com.mx\/ciecieditorial\/wp-json\/wp\/v2\/product"}],"about":[{"href":"https:\/\/ciecicapacita.com.mx\/ciecieditorial\/wp-json\/wp\/v2\/types\/product"}],"replies":[{"embeddable":true,"href":"https:\/\/ciecicapacita.com.mx\/ciecieditorial\/wp-json\/wp\/v2\/comments?post=196"}],"wp:featuredmedia":[{"embeddable":true,"href":"https:\/\/ciecicapacita.com.mx\/ciecieditorial\/wp-json\/wp\/v2\/media\/195"}],"wp:attachment":[{"href":"https:\/\/ciecicapacita.com.mx\/ciecieditorial\/wp-json\/wp\/v2\/media?parent=196"}],"wp:term":[{"taxonomy":"product_brand","embeddable":true,"href":"https:\/\/ciecicapacita.com.mx\/ciecieditorial\/wp-json\/wp\/v2\/product_brand?post=196"},{"taxonomy":"product_cat","embeddable":true,"href":"https:\/\/ciecicapacita.com.mx\/ciecieditorial\/wp-json\/wp\/v2\/product_cat?post=196"},{"taxonomy":"product_tag","embeddable":true,"href":"https:\/\/ciecicapacita.com.mx\/ciecieditorial\/wp-json\/wp\/v2\/product_tag?post=196"}],"curies":[{"name":"wp","href":"https:\/\/api.w.org\/{rel}","templated":true}]}}