{"id":199,"date":"2026-03-07T06:48:42","date_gmt":"2026-03-07T06:48:42","guid":{"rendered":"https:\/\/ciecicapacita.com.mx\/ciecieditorial\/producto\/aprendizaje-basado-en-fenomenos\/"},"modified":"2026-05-08T04:03:18","modified_gmt":"2026-05-08T04:03:18","slug":"aprendizaje-basado-en-fenomenos","status":"publish","type":"product","link":"https:\/\/ciecicapacita.com.mx\/ciecieditorial\/producto\/aprendizaje-basado-en-fenomenos\/","title":{"rendered":"Aprendizaje Basado en Fen\u00f3menos"},"content":{"rendered":"<p>Aprender a trav\u00e9s de la observaci\u00f3n, experimentaci\u00f3n y seguimiento de algunos fen\u00f3menos de inter\u00e9s genuino de nuestras ni\u00f1as y ni\u00f1os, es una manera\u00a0 natural de entender su entorno natural y social. En este marco el\u00a0Aprendizaje Basado en Fen\u00f3menos (ABF) es una metodolog\u00eda activa que representa\u00a0 ampliamente la intenci\u00f3n de revolucionar las formas de trabajo en las aulas.<\/p>\n<p>El ABF es una estrategia situada, colaborativa y autorregulable que garantiza la inclusi\u00f3n, pues una vez que los estudiantes manifiesten su inter\u00e9s en uno u otro fen\u00f3meno,\u00a0aprender\u00e1n de\u00a0\u00e9l sin importar su edad,\u00a0grado escolar,subjetividades ni limitaciones.<\/p>\n","protected":false},"excerpt":{"rendered":"<p>Aprender a trav\u00e9s de la observaci\u00f3n, experimentaci\u00f3n y seguimiento de algunos fen\u00f3menos de inter\u00e9s genuino de nuestras ni\u00f1as y ni\u00f1os, es una manera\u00a0 natural de entender su entorno natural y social. En este marco el\u00a0Aprendizaje Basado en Fen\u00f3menos (AB<\/p>\n","protected":false},"featured_media":198,"comment_status":"open","ping_status":"closed","template":"","meta":[],"product_brand":[],"product_cat":[93],"product_tag":[],"class_list":{"0":"post-199","1":"product","2":"type-product","3":"status-publish","4":"has-post-thumbnail","6":"product_cat-libros-digitales","8":"first","9":"instock","10":"downloadable","11":"shipping-taxable","12":"purchasable","13":"product-type-simple"},"_links":{"self":[{"href":"https:\/\/ciecicapacita.com.mx\/ciecieditorial\/wp-json\/wp\/v2\/product\/199","targetHints":{"allow":["GET"]}}],"collection":[{"href":"https:\/\/ciecicapacita.com.mx\/ciecieditorial\/wp-json\/wp\/v2\/product"}],"about":[{"href":"https:\/\/ciecicapacita.com.mx\/ciecieditorial\/wp-json\/wp\/v2\/types\/product"}],"replies":[{"embeddable":true,"href":"https:\/\/ciecicapacita.com.mx\/ciecieditorial\/wp-json\/wp\/v2\/comments?post=199"}],"wp:featuredmedia":[{"embeddable":true,"href":"https:\/\/ciecicapacita.com.mx\/ciecieditorial\/wp-json\/wp\/v2\/media\/198"}],"wp:attachment":[{"href":"https:\/\/ciecicapacita.com.mx\/ciecieditorial\/wp-json\/wp\/v2\/media?parent=199"}],"wp:term":[{"taxonomy":"product_brand","embeddable":true,"href":"https:\/\/ciecicapacita.com.mx\/ciecieditorial\/wp-json\/wp\/v2\/product_brand?post=199"},{"taxonomy":"product_cat","embeddable":true,"href":"https:\/\/ciecicapacita.com.mx\/ciecieditorial\/wp-json\/wp\/v2\/product_cat?post=199"},{"taxonomy":"product_tag","embeddable":true,"href":"https:\/\/ciecicapacita.com.mx\/ciecieditorial\/wp-json\/wp\/v2\/product_tag?post=199"}],"curies":[{"name":"wp","href":"https:\/\/api.w.org\/{rel}","templated":true}]}}