{"id":211,"date":"2026-03-07T06:50:46","date_gmt":"2026-03-07T06:50:46","guid":{"rendered":"https:\/\/ciecicapacita.com.mx\/ciecieditorial\/producto\/canto-juego-y-participo-en-ingles-tomo-3\/"},"modified":"2026-03-18T20:49:54","modified_gmt":"2026-03-18T20:49:54","slug":"canto-juego-y-participo-en-ingles-tomo-3","status":"publish","type":"product","link":"https:\/\/ciecicapacita.com.mx\/ciecieditorial\/producto\/canto-juego-y-participo-en-ingles-tomo-3\/","title":{"rendered":"Canto, juego y participo en ingl\u00e9s. Tomo 3"},"content":{"rendered":"<p>Todos los ni\u00f1os aprenden a trav\u00e9s de las pr\u00e1cticas sociales y la lengua inglesa no es la excepci\u00f3n. &#8216;Canto, juego y participo en ingl\u00e9s&#8217; hace uso dpdpactico de estas pr\u00e1cticas y con la ayuda de sus herramientas logra que los alumnos inicien estas competencias comunicativas de una manera amable y l\u00fadica.<\/p>\n<p>Ven, iniciemos este viaje que te permitir\u00e1 aprender ingl\u00e9s perm<\/p>\n","protected":false},"excerpt":{"rendered":"<p>Todos los ni\u00f1os aprenden a trav\u00e9s de las pr\u00e1cticas sociales y la lengua inglesa no es la excepci\u00f3n. &#8216;Canto, juego y participo en ingl\u00e9s&#8217; hace uso dpdpactico de estas pr\u00e1cticas y con la ayuda de sus herramientas logra que los alumnos inicien estas com<\/p>\n","protected":false},"featured_media":210,"comment_status":"open","ping_status":"closed","template":"","meta":[],"product_brand":[],"product_cat":[91],"product_tag":[],"class_list":{"0":"post-211","1":"product","2":"type-product","3":"status-publish","4":"has-post-thumbnail","6":"product_cat-books","8":"first","9":"instock","10":"downloadable","11":"shipping-taxable","12":"purchasable","13":"product-type-simple"},"_links":{"self":[{"href":"https:\/\/ciecicapacita.com.mx\/ciecieditorial\/wp-json\/wp\/v2\/product\/211","targetHints":{"allow":["GET"]}}],"collection":[{"href":"https:\/\/ciecicapacita.com.mx\/ciecieditorial\/wp-json\/wp\/v2\/product"}],"about":[{"href":"https:\/\/ciecicapacita.com.mx\/ciecieditorial\/wp-json\/wp\/v2\/types\/product"}],"replies":[{"embeddable":true,"href":"https:\/\/ciecicapacita.com.mx\/ciecieditorial\/wp-json\/wp\/v2\/comments?post=211"}],"wp:featuredmedia":[{"embeddable":true,"href":"https:\/\/ciecicapacita.com.mx\/ciecieditorial\/wp-json\/wp\/v2\/media\/210"}],"wp:attachment":[{"href":"https:\/\/ciecicapacita.com.mx\/ciecieditorial\/wp-json\/wp\/v2\/media?parent=211"}],"wp:term":[{"taxonomy":"product_brand","embeddable":true,"href":"https:\/\/ciecicapacita.com.mx\/ciecieditorial\/wp-json\/wp\/v2\/product_brand?post=211"},{"taxonomy":"product_cat","embeddable":true,"href":"https:\/\/ciecicapacita.com.mx\/ciecieditorial\/wp-json\/wp\/v2\/product_cat?post=211"},{"taxonomy":"product_tag","embeddable":true,"href":"https:\/\/ciecicapacita.com.mx\/ciecieditorial\/wp-json\/wp\/v2\/product_tag?post=211"}],"curies":[{"name":"wp","href":"https:\/\/api.w.org\/{rel}","templated":true}]}}