{"id":217,"date":"2026-03-07T06:51:23","date_gmt":"2026-03-07T06:51:23","guid":{"rendered":"https:\/\/ciecicapacita.com.mx\/ciecieditorial\/producto\/estrategias-de-intervencion-para-los-problemas-de-conducta-en-el-aula\/"},"modified":"2026-03-18T22:06:17","modified_gmt":"2026-03-18T22:06:17","slug":"estrategias-de-intervencion-para-los-problemas-de-conducta-en-el-aula","status":"publish","type":"product","link":"https:\/\/ciecicapacita.com.mx\/ciecieditorial\/producto\/estrategias-de-intervencion-para-los-problemas-de-conducta-en-el-aula\/","title":{"rendered":"Estrategias de intervenci\u00f3n para los problemas de conducta en el aula"},"content":{"rendered":"<p>Este libro est\u00e1 pensado en todos los educadores y educadoras que a\u00fan al enfrentarse a las situaciones m\u00e1s adversas con alumnos inquietos, desordenados y peleoneros\u00a0est\u00e1n convencidos de que\u00a0cada educando merece\u00a0un trato digno y la b\u00fasqueda de mejores opciones de vida, convivencia y educaci\u00f3n en sociedad. Con esto en mente, este libro\u00a0incluye estrategias como: el c\u00edrculo m\u00e1gico, la tienda de la amistad, la caja de recuerdos amables y mi cofre de virtudes, que retomando lo mejor de modelos educativos de paises como\u00a0Canad\u00e1, Costa Rica y Cuba, ha demostrado su efectividad en el control\u00a0y la integraci\u00f3n de los educandos al entorno escolar y social.<\/p>\n","protected":false},"excerpt":{"rendered":"<p>Este libro est\u00e1 pensado en todos los educadores y educadoras que a\u00fan al enfrentarse a las situaciones m\u00e1s adversas con alumnos inquietos, desordenados y peleoneros\u00a0est\u00e1n convencidos de que\u00a0cada educando merece\u00a0un trato digno y la b\u00fasqueda de mejores<\/p>\n","protected":false},"featured_media":216,"comment_status":"open","ping_status":"closed","template":"","meta":[],"product_brand":[],"product_cat":[91],"product_tag":[],"class_list":{"0":"post-217","1":"product","2":"type-product","3":"status-publish","4":"has-post-thumbnail","6":"product_cat-books","8":"first","9":"instock","10":"downloadable","11":"shipping-taxable","12":"purchasable","13":"product-type-simple"},"_links":{"self":[{"href":"https:\/\/ciecicapacita.com.mx\/ciecieditorial\/wp-json\/wp\/v2\/product\/217","targetHints":{"allow":["GET"]}}],"collection":[{"href":"https:\/\/ciecicapacita.com.mx\/ciecieditorial\/wp-json\/wp\/v2\/product"}],"about":[{"href":"https:\/\/ciecicapacita.com.mx\/ciecieditorial\/wp-json\/wp\/v2\/types\/product"}],"replies":[{"embeddable":true,"href":"https:\/\/ciecicapacita.com.mx\/ciecieditorial\/wp-json\/wp\/v2\/comments?post=217"}],"wp:featuredmedia":[{"embeddable":true,"href":"https:\/\/ciecicapacita.com.mx\/ciecieditorial\/wp-json\/wp\/v2\/media\/216"}],"wp:attachment":[{"href":"https:\/\/ciecicapacita.com.mx\/ciecieditorial\/wp-json\/wp\/v2\/media?parent=217"}],"wp:term":[{"taxonomy":"product_brand","embeddable":true,"href":"https:\/\/ciecicapacita.com.mx\/ciecieditorial\/wp-json\/wp\/v2\/product_brand?post=217"},{"taxonomy":"product_cat","embeddable":true,"href":"https:\/\/ciecicapacita.com.mx\/ciecieditorial\/wp-json\/wp\/v2\/product_cat?post=217"},{"taxonomy":"product_tag","embeddable":true,"href":"https:\/\/ciecicapacita.com.mx\/ciecieditorial\/wp-json\/wp\/v2\/product_tag?post=217"}],"curies":[{"name":"wp","href":"https:\/\/api.w.org\/{rel}","templated":true}]}}