{"id":222,"date":"2026-03-07T06:51:31","date_gmt":"2026-03-07T06:51:31","guid":{"rendered":"https:\/\/ciecicapacita.com.mx\/ciecieditorial\/producto\/practica-docente-para-una-nueva-realidad-educativa\/"},"modified":"2026-03-18T22:35:29","modified_gmt":"2026-03-18T22:35:29","slug":"practica-docente-para-una-nueva-realidad-educativa","status":"publish","type":"product","link":"https:\/\/ciecicapacita.com.mx\/ciecieditorial\/producto\/practica-docente-para-una-nueva-realidad-educativa\/","title":{"rendered":"Pr\u00e1ctica docente para una nueva realidad educativa"},"content":{"rendered":"<p>En este libro, el autor nos lleva de la mano al desarrollo de las diferentes etapas para lograr que el alumno comprenda lo que lee, aplique el pensamiento cr\u00edtico, desarrolle la capacidad de expresarse con argumentos y solucione problemas de forma innovadora y creativa; y que como docentes, aprendamos a dise\u00f1ar situaciones de aprendizaje en el marco de esta era digital y de Inteligencia artificial. En la obra se se\u00f1alan no s\u00f3lo las diferentes formas de aprender seg\u00fan el sistema de representaci\u00f3n visual auditivo o kinest\u00e9sico, sino que adem\u00e1s vincula cada modalidad con el hecho contundente de que al relacionar cada una de las formas con lo que vive a diario el estudiante, crece el inter\u00e9s por aprender de forma significativa; as\u00ed mismo, el libro va transitando por todas las facetas: desde c\u00f3mo conocer a los alumnos, hasta el dise\u00f1o de una clase haciendo uso de las herramientas y recursos digitales, siempre acompa\u00f1ando cada estrategias con ejemplos extraordinarios que sorprenden por su impacto y sencillez.<\/p>\n<p>El libro es un viaje extraordinario donde en cada p\u00e1gina hay una aportaci\u00f3n, un ejemplo de vida, un proceso intelectual y otro humano para que juntos: docentes, padres de familia y estudiantes, alcancen no s\u00f3lo un gran aporte de conocimientos, sino que adem\u00e1s obtengan herramientas \u00fanicas para realmente entender y resolver los retos de la pr\u00e1ctica docente en esta nueva normalidad.<\/p>\n","protected":false},"excerpt":{"rendered":"<p>En este libro, el autor nos lleva de la mano al desarrollo de las diferentes etapas para lograr que el alumno comprenda lo que lee, aplique el pensamiento cr\u00edtico, desarrolle la capacidad de expresarse con argumentos y solucione problemas de forma in<\/p>\n","protected":false},"featured_media":221,"comment_status":"open","ping_status":"closed","template":"","meta":[],"product_brand":[],"product_cat":[92],"product_tag":[],"class_list":{"0":"post-222","1":"product","2":"type-product","3":"status-publish","4":"has-post-thumbnail","6":"product_cat-e-books","8":"first","9":"instock","10":"downloadable","11":"shipping-taxable","12":"purchasable","13":"product-type-simple"},"_links":{"self":[{"href":"https:\/\/ciecicapacita.com.mx\/ciecieditorial\/wp-json\/wp\/v2\/product\/222","targetHints":{"allow":["GET"]}}],"collection":[{"href":"https:\/\/ciecicapacita.com.mx\/ciecieditorial\/wp-json\/wp\/v2\/product"}],"about":[{"href":"https:\/\/ciecicapacita.com.mx\/ciecieditorial\/wp-json\/wp\/v2\/types\/product"}],"replies":[{"embeddable":true,"href":"https:\/\/ciecicapacita.com.mx\/ciecieditorial\/wp-json\/wp\/v2\/comments?post=222"}],"wp:featuredmedia":[{"embeddable":true,"href":"https:\/\/ciecicapacita.com.mx\/ciecieditorial\/wp-json\/wp\/v2\/media\/221"}],"wp:attachment":[{"href":"https:\/\/ciecicapacita.com.mx\/ciecieditorial\/wp-json\/wp\/v2\/media?parent=222"}],"wp:term":[{"taxonomy":"product_brand","embeddable":true,"href":"https:\/\/ciecicapacita.com.mx\/ciecieditorial\/wp-json\/wp\/v2\/product_brand?post=222"},{"taxonomy":"product_cat","embeddable":true,"href":"https:\/\/ciecicapacita.com.mx\/ciecieditorial\/wp-json\/wp\/v2\/product_cat?post=222"},{"taxonomy":"product_tag","embeddable":true,"href":"https:\/\/ciecicapacita.com.mx\/ciecieditorial\/wp-json\/wp\/v2\/product_tag?post=222"}],"curies":[{"name":"wp","href":"https:\/\/api.w.org\/{rel}","templated":true}]}}