{"id":225,"date":"2026-03-07T06:52:10","date_gmt":"2026-03-07T06:52:10","guid":{"rendered":"https:\/\/ciecicapacita.com.mx\/ciecieditorial\/producto\/12-tareas-clave-para-la-evaluacion-del-desempeno-docente\/"},"modified":"2026-03-18T19:22:59","modified_gmt":"2026-03-18T19:22:59","slug":"12-tareas-clave-para-la-evaluacion-del-desempeno-docente","status":"publish","type":"product","link":"https:\/\/ciecicapacita.com.mx\/ciecieditorial\/producto\/12-tareas-clave-para-la-evaluacion-del-desempeno-docente\/","title":{"rendered":"12 Tareas clave para la evaluaci\u00f3n del desempe\u00f1o docente"},"content":{"rendered":"<p>Nuevamente el CIECI logra amalgamar la experiencia de trabajo con docentes durante m\u00e1s de 24 a\u00f1os a la vanguardia educativa, para ofrecer con gran calidad y precisi\u00f3n metodol\u00f3gica doce tareas que van dando calidad y claridad a las pr\u00e1cticas educativas, las cuales van a derivar en mejores resultados de aprendizaje y el logro de la idoneidad en la evaluaci\u00f3n docente.<\/p>\n","protected":false},"excerpt":{"rendered":"<p>Nuevamente el CIECI logra amalgamar la experiencia de trabajo con docentes durante m\u00e1s de 24 a\u00f1os a la vanguardia educativa, para ofrecer con gran calidad y precisi\u00f3n metodol\u00f3gica doce tareas que van dando calidad y claridad a las pr\u00e1cticas educativa<\/p>\n","protected":false},"featured_media":224,"comment_status":"open","ping_status":"closed","template":"","meta":[],"product_brand":[],"product_cat":[92],"product_tag":[],"class_list":{"0":"post-225","1":"product","2":"type-product","3":"status-publish","4":"has-post-thumbnail","6":"product_cat-e-books","8":"first","9":"instock","10":"downloadable","11":"shipping-taxable","12":"purchasable","13":"product-type-simple"},"_links":{"self":[{"href":"https:\/\/ciecicapacita.com.mx\/ciecieditorial\/wp-json\/wp\/v2\/product\/225","targetHints":{"allow":["GET"]}}],"collection":[{"href":"https:\/\/ciecicapacita.com.mx\/ciecieditorial\/wp-json\/wp\/v2\/product"}],"about":[{"href":"https:\/\/ciecicapacita.com.mx\/ciecieditorial\/wp-json\/wp\/v2\/types\/product"}],"replies":[{"embeddable":true,"href":"https:\/\/ciecicapacita.com.mx\/ciecieditorial\/wp-json\/wp\/v2\/comments?post=225"}],"wp:featuredmedia":[{"embeddable":true,"href":"https:\/\/ciecicapacita.com.mx\/ciecieditorial\/wp-json\/wp\/v2\/media\/224"}],"wp:attachment":[{"href":"https:\/\/ciecicapacita.com.mx\/ciecieditorial\/wp-json\/wp\/v2\/media?parent=225"}],"wp:term":[{"taxonomy":"product_brand","embeddable":true,"href":"https:\/\/ciecicapacita.com.mx\/ciecieditorial\/wp-json\/wp\/v2\/product_brand?post=225"},{"taxonomy":"product_cat","embeddable":true,"href":"https:\/\/ciecicapacita.com.mx\/ciecieditorial\/wp-json\/wp\/v2\/product_cat?post=225"},{"taxonomy":"product_tag","embeddable":true,"href":"https:\/\/ciecicapacita.com.mx\/ciecieditorial\/wp-json\/wp\/v2\/product_tag?post=225"}],"curies":[{"name":"wp","href":"https:\/\/api.w.org\/{rel}","templated":true}]}}