{"id":228,"date":"2026-03-07T06:52:32","date_gmt":"2026-03-07T06:52:32","guid":{"rendered":"https:\/\/ciecicapacita.com.mx\/ciecieditorial\/producto\/y-la-familia-bien-gracias\/"},"modified":"2026-03-18T18:08:54","modified_gmt":"2026-03-18T18:08:54","slug":"y-la-familia-bien-gracias","status":"publish","type":"product","link":"https:\/\/ciecicapacita.com.mx\/ciecieditorial\/producto\/y-la-familia-bien-gracias\/","title":{"rendered":"\u00bfY la familia?. Bien&#8230; \u00a1Gracias!"},"content":{"rendered":"<p>En esta obra la autora ofrece a los maestros y a los padres de familia 12 tem\u00e1ticas trascendentes y actualizadas que tienen como prop\u00f3sito estrechar los v\u00ednculos entre estos dos actores educativos y brindarles elementos de apoyo para que puedan hacer intervenciones bien fundamentadas que se traduzcan en una formaci\u00f3n integral de los educandos, abarcando aspectos afectivos, actitudinales, motivacionales y psico-sociales.<\/p>\n","protected":false},"excerpt":{"rendered":"<p>En esta obra la autora ofrece a los maestros y a los padres de familia 12 tem\u00e1ticas trascendentes y actualizadas que tienen como prop\u00f3sito estrechar los v\u00ednculos entre estos dos actores educativos y brindarles elementos de apoyo para que puedan hacer<\/p>\n","protected":false},"featured_media":227,"comment_status":"open","ping_status":"closed","template":"","meta":[],"product_brand":[],"product_cat":[92],"product_tag":[],"class_list":{"0":"post-228","1":"product","2":"type-product","3":"status-publish","4":"has-post-thumbnail","6":"product_cat-e-books","8":"first","9":"instock","10":"downloadable","11":"shipping-taxable","12":"purchasable","13":"product-type-simple"},"_links":{"self":[{"href":"https:\/\/ciecicapacita.com.mx\/ciecieditorial\/wp-json\/wp\/v2\/product\/228","targetHints":{"allow":["GET"]}}],"collection":[{"href":"https:\/\/ciecicapacita.com.mx\/ciecieditorial\/wp-json\/wp\/v2\/product"}],"about":[{"href":"https:\/\/ciecicapacita.com.mx\/ciecieditorial\/wp-json\/wp\/v2\/types\/product"}],"replies":[{"embeddable":true,"href":"https:\/\/ciecicapacita.com.mx\/ciecieditorial\/wp-json\/wp\/v2\/comments?post=228"}],"wp:featuredmedia":[{"embeddable":true,"href":"https:\/\/ciecicapacita.com.mx\/ciecieditorial\/wp-json\/wp\/v2\/media\/227"}],"wp:attachment":[{"href":"https:\/\/ciecicapacita.com.mx\/ciecieditorial\/wp-json\/wp\/v2\/media?parent=228"}],"wp:term":[{"taxonomy":"product_brand","embeddable":true,"href":"https:\/\/ciecicapacita.com.mx\/ciecieditorial\/wp-json\/wp\/v2\/product_brand?post=228"},{"taxonomy":"product_cat","embeddable":true,"href":"https:\/\/ciecicapacita.com.mx\/ciecieditorial\/wp-json\/wp\/v2\/product_cat?post=228"},{"taxonomy":"product_tag","embeddable":true,"href":"https:\/\/ciecicapacita.com.mx\/ciecieditorial\/wp-json\/wp\/v2\/product_tag?post=228"}],"curies":[{"name":"wp","href":"https:\/\/api.w.org\/{rel}","templated":true}]}}