{"id":234,"date":"2026-03-07T06:53:30","date_gmt":"2026-03-07T06:53:30","guid":{"rendered":"https:\/\/ciecicapacita.com.mx\/ciecieditorial\/producto\/el-maestro-una-vision-desde-la-optica-del-alumno\/"},"modified":"2026-03-18T21:10:34","modified_gmt":"2026-03-18T21:10:34","slug":"el-maestro-una-vision-desde-la-optica-del-alumno","status":"publish","type":"product","link":"https:\/\/ciecicapacita.com.mx\/ciecieditorial\/producto\/el-maestro-una-vision-desde-la-optica-del-alumno\/","title":{"rendered":"El maestro, una visi\u00f3n desde la \u00f3ptica del alumno"},"content":{"rendered":"<p>El dise\u00f1o de la presente obra y cada uno de los testimonios que se muestran son experiencias que pretenden ofrecer al lector una idea clara de lo plural que puede ser la percepci\u00f3n que se tiene del maestro desde el punto de vista del alumno, como desde su trinchera del dia a dia el docente imprime parte de su personalidad en el alumno, para ir sacando lo mejor de \u00e9l en el mundo del aprendizaje; adem\u00e1s de la trascendencia como docente en donde ense\u00f1ar no solo impacta en el aprendizaje sino en la vida de las personas.<\/p>\n<p>Cuenta desde su dise\u00f1o con la colaboraci\u00f3n y participaci\u00f3n; de estudiantes y docentes del Centro Universitario de Ciencias de la Salud de la Universidad de Guadalajara y se realiz\u00f3 su edici\u00f3n gracias a los recursos del PROSNI 2024.<\/p>\n","protected":false},"excerpt":{"rendered":"<p>El dise\u00f1o de la presente obra y cada uno de los testimonios que se muestran son experiencias que pretenden ofrecer al lector una idea clara de lo plural que puede ser la percepci\u00f3n que se tiene del maestro desde el punto de vista del alumno, como des<\/p>\n","protected":false},"featured_media":233,"comment_status":"open","ping_status":"closed","template":"","meta":[],"product_brand":[],"product_cat":[92],"product_tag":[],"class_list":{"0":"post-234","1":"product","2":"type-product","3":"status-publish","4":"has-post-thumbnail","6":"product_cat-e-books","8":"first","9":"instock","10":"downloadable","11":"shipping-taxable","12":"purchasable","13":"product-type-simple"},"_links":{"self":[{"href":"https:\/\/ciecicapacita.com.mx\/ciecieditorial\/wp-json\/wp\/v2\/product\/234","targetHints":{"allow":["GET"]}}],"collection":[{"href":"https:\/\/ciecicapacita.com.mx\/ciecieditorial\/wp-json\/wp\/v2\/product"}],"about":[{"href":"https:\/\/ciecicapacita.com.mx\/ciecieditorial\/wp-json\/wp\/v2\/types\/product"}],"replies":[{"embeddable":true,"href":"https:\/\/ciecicapacita.com.mx\/ciecieditorial\/wp-json\/wp\/v2\/comments?post=234"}],"wp:featuredmedia":[{"embeddable":true,"href":"https:\/\/ciecicapacita.com.mx\/ciecieditorial\/wp-json\/wp\/v2\/media\/233"}],"wp:attachment":[{"href":"https:\/\/ciecicapacita.com.mx\/ciecieditorial\/wp-json\/wp\/v2\/media?parent=234"}],"wp:term":[{"taxonomy":"product_brand","embeddable":true,"href":"https:\/\/ciecicapacita.com.mx\/ciecieditorial\/wp-json\/wp\/v2\/product_brand?post=234"},{"taxonomy":"product_cat","embeddable":true,"href":"https:\/\/ciecicapacita.com.mx\/ciecieditorial\/wp-json\/wp\/v2\/product_cat?post=234"},{"taxonomy":"product_tag","embeddable":true,"href":"https:\/\/ciecicapacita.com.mx\/ciecieditorial\/wp-json\/wp\/v2\/product_tag?post=234"}],"curies":[{"name":"wp","href":"https:\/\/api.w.org\/{rel}","templated":true}]}}