{"id":237,"date":"2026-03-07T06:54:01","date_gmt":"2026-03-07T06:54:01","guid":{"rendered":"https:\/\/ciecicapacita.com.mx\/ciecieditorial\/producto\/consejos-del-pediatra-manual-de-atencion-medica-para-ninos-y-ninas\/"},"modified":"2026-03-18T20:59:49","modified_gmt":"2026-03-18T20:59:49","slug":"consejos-del-pediatra-manual-de-atencion-medica-para-ninos-y-ninas","status":"publish","type":"product","link":"https:\/\/ciecicapacita.com.mx\/ciecieditorial\/producto\/consejos-del-pediatra-manual-de-atencion-medica-para-ninos-y-ninas\/","title":{"rendered":"Consejos del pediatra. Manual de atenci\u00f3n m\u00e9dica para ni\u00f1os y ni\u00f1as"},"content":{"rendered":"<p>Esta obra y su contenido pretenden ser una \u201ccaja de herramientas\u201d \u00fatil en momentos en que se debe priorizar el cuidado a la salud, la propuesta del equipo de autores trata de que se tome el cuidado a la salud del ni\u00f1o desde una perspectiva preventiva y de conocimiento,\u00a0para que si el ni\u00f1o requiere entrar al hospital este no sea visto solo como\u00a0 un edificio lleno de personas que trabajan arduamente en recuperar la salud de los enfermos; creemos que es importante contar con familias informadas y ni\u00f1os que sientan que son atendidos por personas emp\u00e1ticas. Buscamos con esta obra que las familias atendidas no solo se curen,\u00a0tambi\u00e9n que se sientan mejor en cada paso del proceso de su curaci\u00f3n. La comprensi\u00f3n de las enfermedades y como actuar sin duda contribuye con este objetivo.<br \/>\nEsta obra en su realizaci\u00f3n cont\u00f3 con la participaci\u00f3n de alumnos y profesores del Centro Universitario de Ciencias de la Salud, del Centro Universitario de Tonal\u00e1, de la Universidad\u00a0de Guadalajara y su edici\u00f3n se realiz\u00f3 con recursos propios y apoyo del PROSNI 2024<\/p>\n","protected":false},"excerpt":{"rendered":"<p>Esta obra y su contenido pretenden ser una \u201ccaja de herramientas\u201d \u00fatil en momentos en que se debe priorizar el cuidado a la salud, la propuesta del equipo de autores trata de que se tome el cuidado a la salud del ni\u00f1o desde una perspectiva preventiva<\/p>\n","protected":false},"featured_media":236,"comment_status":"open","ping_status":"closed","template":"","meta":[],"product_brand":[],"product_cat":[92],"product_tag":[],"class_list":{"0":"post-237","1":"product","2":"type-product","3":"status-publish","4":"has-post-thumbnail","6":"product_cat-e-books","8":"first","9":"instock","10":"downloadable","11":"shipping-taxable","12":"purchasable","13":"product-type-simple"},"_links":{"self":[{"href":"https:\/\/ciecicapacita.com.mx\/ciecieditorial\/wp-json\/wp\/v2\/product\/237","targetHints":{"allow":["GET"]}}],"collection":[{"href":"https:\/\/ciecicapacita.com.mx\/ciecieditorial\/wp-json\/wp\/v2\/product"}],"about":[{"href":"https:\/\/ciecicapacita.com.mx\/ciecieditorial\/wp-json\/wp\/v2\/types\/product"}],"replies":[{"embeddable":true,"href":"https:\/\/ciecicapacita.com.mx\/ciecieditorial\/wp-json\/wp\/v2\/comments?post=237"}],"wp:featuredmedia":[{"embeddable":true,"href":"https:\/\/ciecicapacita.com.mx\/ciecieditorial\/wp-json\/wp\/v2\/media\/236"}],"wp:attachment":[{"href":"https:\/\/ciecicapacita.com.mx\/ciecieditorial\/wp-json\/wp\/v2\/media?parent=237"}],"wp:term":[{"taxonomy":"product_brand","embeddable":true,"href":"https:\/\/ciecicapacita.com.mx\/ciecieditorial\/wp-json\/wp\/v2\/product_brand?post=237"},{"taxonomy":"product_cat","embeddable":true,"href":"https:\/\/ciecicapacita.com.mx\/ciecieditorial\/wp-json\/wp\/v2\/product_cat?post=237"},{"taxonomy":"product_tag","embeddable":true,"href":"https:\/\/ciecicapacita.com.mx\/ciecieditorial\/wp-json\/wp\/v2\/product_tag?post=237"}],"curies":[{"name":"wp","href":"https:\/\/api.w.org\/{rel}","templated":true}]}}