{"id":245,"date":"2026-03-07T06:55:53","date_gmt":"2026-03-07T06:55:53","guid":{"rendered":"https:\/\/ciecicapacita.com.mx\/ciecieditorial\/producto\/manual-de-cirugia-endoscopica-pediatrica\/"},"modified":"2026-03-18T22:25:27","modified_gmt":"2026-03-18T22:25:27","slug":"manual-de-cirugia-endoscopica-pediatrica","status":"publish","type":"product","link":"https:\/\/ciecicapacita.com.mx\/ciecieditorial\/producto\/manual-de-cirugia-endoscopica-pediatrica\/","title":{"rendered":"Manual de Cirug\u00eda endosc\u00f3pica pedi\u00e1trica"},"content":{"rendered":"<p>La endoscop\u00eda es hoy una pieza esencial en la cirug\u00eda pedi\u00e1trica: ofrece diagn\u00f3sticos m\u00e1s precisos, intervenciones seguras y recuperaciones r\u00e1pidas.<\/p>\n<p>Este manual, desarrollado por especialistas del Hospital Civil de Guadalajara y la Universidad de Guadalajara, est\u00e1 dirigido a estudiantes de medicina, residentes y cirujanos pediatras en formaci\u00f3n. A diferencia de otros textos, combina fundamentos te\u00f3ricos con descripciones pr\u00e1cticas paso a paso: anatom\u00eda endosc\u00f3pica, uso del instrumental, t\u00e9cnicas de biopsia, extracci\u00f3n de cuerpos extra\u00f1os, dilataciones y manejo de complicaciones.\u00a0Incluye innovaciones tecnol\u00f3gicas, criterios de seguridad y un aporte singular: la perspectiva psicol\u00f3gica del paciente pedi\u00e1trico en el entorno hospitalario. Con un enfoque pedag\u00f3gico y recursos visuales, se convierte en una gu\u00eda clara y actualizada para aprender y aplicar la cirug\u00eda endosc\u00f3pica con precisi\u00f3n, responsabilidad y empat\u00eda.<\/p>\n","protected":false},"excerpt":{"rendered":"<p>La endoscop\u00eda es hoy una pieza esencial en la cirug\u00eda pedi\u00e1trica: ofrece diagn\u00f3sticos m\u00e1s precisos, intervenciones seguras y recuperaciones r\u00e1pidas.<\/p>\n<p>Este manual, desarrollado por especialistas del Hospital Civil de Guadalajara y la Universidad de G<\/p>\n","protected":false},"featured_media":244,"comment_status":"open","ping_status":"closed","template":"","meta":[],"product_brand":[],"product_cat":[92],"product_tag":[],"class_list":{"0":"post-245","1":"product","2":"type-product","3":"status-publish","4":"has-post-thumbnail","6":"product_cat-e-books","8":"first","9":"instock","10":"downloadable","11":"shipping-taxable","12":"purchasable","13":"product-type-simple"},"_links":{"self":[{"href":"https:\/\/ciecicapacita.com.mx\/ciecieditorial\/wp-json\/wp\/v2\/product\/245","targetHints":{"allow":["GET"]}}],"collection":[{"href":"https:\/\/ciecicapacita.com.mx\/ciecieditorial\/wp-json\/wp\/v2\/product"}],"about":[{"href":"https:\/\/ciecicapacita.com.mx\/ciecieditorial\/wp-json\/wp\/v2\/types\/product"}],"replies":[{"embeddable":true,"href":"https:\/\/ciecicapacita.com.mx\/ciecieditorial\/wp-json\/wp\/v2\/comments?post=245"}],"wp:featuredmedia":[{"embeddable":true,"href":"https:\/\/ciecicapacita.com.mx\/ciecieditorial\/wp-json\/wp\/v2\/media\/244"}],"wp:attachment":[{"href":"https:\/\/ciecicapacita.com.mx\/ciecieditorial\/wp-json\/wp\/v2\/media?parent=245"}],"wp:term":[{"taxonomy":"product_brand","embeddable":true,"href":"https:\/\/ciecicapacita.com.mx\/ciecieditorial\/wp-json\/wp\/v2\/product_brand?post=245"},{"taxonomy":"product_cat","embeddable":true,"href":"https:\/\/ciecicapacita.com.mx\/ciecieditorial\/wp-json\/wp\/v2\/product_cat?post=245"},{"taxonomy":"product_tag","embeddable":true,"href":"https:\/\/ciecicapacita.com.mx\/ciecieditorial\/wp-json\/wp\/v2\/product_tag?post=245"}],"curies":[{"name":"wp","href":"https:\/\/api.w.org\/{rel}","templated":true}]}}