{"id":247,"date":"2026-03-07T06:55:58","date_gmt":"2026-03-07T06:55:58","guid":{"rendered":"https:\/\/ciecicapacita.com.mx\/ciecieditorial\/producto\/aula-invertida-una-metodologia-para-el-siglo-xxi\/"},"modified":"2026-03-18T19:31:56","modified_gmt":"2026-03-18T19:31:56","slug":"aula-invertida-una-metodologia-para-el-siglo-xxi","status":"publish","type":"product","link":"https:\/\/ciecicapacita.com.mx\/ciecieditorial\/producto\/aula-invertida-una-metodologia-para-el-siglo-xxi\/","title":{"rendered":"Aula Invertida. Una metodolog\u00eda para el siglo XXI"},"content":{"rendered":"<p>Una metodolog\u00eda para el s.XXI<br \/>\nCoordinador(es): Jos\u00e9 de Jes\u00fas Vel\u00e1squez Navarro, Helga Patricia Frola Ruiz<br \/>\nISBN: En tr\u00e1mite<\/p>\n<p>Lo que encontrar\u00e1s en este libro es primero en explicar tanto en qu\u00e9 consiste la metodolog\u00eda del aula invertida y la evoluci\u00f3n que ha tenido desde sus comienzos.<\/p>\n<p>As\u00ed mismo ver\u00e1s diferentes perspectivas acerca del por qu\u00e9 puede ser una buena alternativa para la educaci\u00f3n actual, adem\u00e1s de la probabilidad de poder brindar una aplicaci\u00f3n en los diferentes contextos de cada instituci\u00f3n con sus respectivos planes y programas de estudio.<\/p>\n<p>Finalmente, se encuentran propuestas de planeaciones did\u00e1cticas con una organizaci\u00f3n de actividades que pueden desarrollarse tanto en Aula como en Aprendizaje Invertido.<\/p>\n<p>Te damos la bienvenida apreciable lector, a ti que has tomado este primer paso de pensar en grande por la educaci\u00f3n, por creer que mejorando las pr\u00e1cticas educativas y de formaci\u00f3n es posible un cambio innovador para este nuevo mundo al cual nos tenemos que adaptar.<\/p>\n","protected":false},"excerpt":{"rendered":"<p>Una metodolog\u00eda para el s.XXI<br \/>\nCoordinador(es): Jos\u00e9 de Jes\u00fas Vel\u00e1squez Navarro, Helga Patricia Frola Ruiz<br \/>\nISBN: En tr\u00e1mite<\/p>\n<p>Lo que encontrar\u00e1s en este libro es primero en explicar tanto en qu\u00e9 consiste la metodolog\u00eda del aula invertida y la evoluci\u00f3n<\/p>\n","protected":false},"featured_media":246,"comment_status":"open","ping_status":"closed","template":"","meta":[],"product_brand":[],"product_cat":[88],"product_tag":[43,47,48,49,50],"class_list":{"0":"post-247","1":"product","2":"type-product","3":"status-publish","4":"has-post-thumbnail","6":"product_cat-libro-digital","7":"product_tag-aula-invertida","8":"product_tag-estrategias-didacticas","9":"product_tag-gamificacion","10":"product_tag-innovacion-educativa","11":"product_tag-metodologia","13":"first","14":"instock","15":"downloadable","16":"shipping-taxable","17":"purchasable","18":"product-type-simple"},"_links":{"self":[{"href":"https:\/\/ciecicapacita.com.mx\/ciecieditorial\/wp-json\/wp\/v2\/product\/247","targetHints":{"allow":["GET"]}}],"collection":[{"href":"https:\/\/ciecicapacita.com.mx\/ciecieditorial\/wp-json\/wp\/v2\/product"}],"about":[{"href":"https:\/\/ciecicapacita.com.mx\/ciecieditorial\/wp-json\/wp\/v2\/types\/product"}],"replies":[{"embeddable":true,"href":"https:\/\/ciecicapacita.com.mx\/ciecieditorial\/wp-json\/wp\/v2\/comments?post=247"}],"wp:featuredmedia":[{"embeddable":true,"href":"https:\/\/ciecicapacita.com.mx\/ciecieditorial\/wp-json\/wp\/v2\/media\/246"}],"wp:attachment":[{"href":"https:\/\/ciecicapacita.com.mx\/ciecieditorial\/wp-json\/wp\/v2\/media?parent=247"}],"wp:term":[{"taxonomy":"product_brand","embeddable":true,"href":"https:\/\/ciecicapacita.com.mx\/ciecieditorial\/wp-json\/wp\/v2\/product_brand?post=247"},{"taxonomy":"product_cat","embeddable":true,"href":"https:\/\/ciecicapacita.com.mx\/ciecieditorial\/wp-json\/wp\/v2\/product_cat?post=247"},{"taxonomy":"product_tag","embeddable":true,"href":"https:\/\/ciecicapacita.com.mx\/ciecieditorial\/wp-json\/wp\/v2\/product_tag?post=247"}],"curies":[{"name":"wp","href":"https:\/\/api.w.org\/{rel}","templated":true}]}}