{"id":249,"date":"2026-03-07T06:56:02","date_gmt":"2026-03-07T06:56:02","guid":{"rendered":"https:\/\/ciecicapacita.com.mx\/ciecieditorial\/producto\/aprendizaje-situacional-y-estrategias-ab\/"},"modified":"2026-03-18T19:26:50","modified_gmt":"2026-03-18T19:26:50","slug":"aprendizaje-situacional-y-estrategias-ab","status":"publish","type":"product","link":"https:\/\/ciecicapacita.com.mx\/ciecieditorial\/producto\/aprendizaje-situacional-y-estrategias-ab\/","title":{"rendered":"Aprendizaje situacional y estrategias AB"},"content":{"rendered":"<p>En este libro encontrar\u00e1s ejemplos sobre la aplicaci\u00f3n de las estrategias did\u00e1cticas como: Aprendizaje basado en problemas, casos, fen\u00f3menos, desaf\u00edos, proyectos y otras alternativas para trabajar el aprendizaje situado.<\/p>\n","protected":false},"excerpt":{"rendered":"<p>En este libro encontrar\u00e1s ejemplos sobre la aplicaci\u00f3n de las estrategias did\u00e1cticas como: Aprendizaje basado en problemas, casos, fen\u00f3menos, desaf\u00edos, proyectos y otras alternativas para trabajar el aprendizaje situado.<\/p>\n","protected":false},"featured_media":248,"comment_status":"open","ping_status":"closed","template":"","meta":[],"product_brand":[],"product_cat":[88],"product_tag":[51,52,53,54],"class_list":{"0":"post-249","1":"product","2":"type-product","3":"status-publish","4":"has-post-thumbnail","6":"product_cat-libro-digital","7":"product_tag-aprendizaje-basado-en-casos","8":"product_tag-aprendizaje-basado-en-problemas","9":"product_tag-aprendizaje-situado","10":"product_tag-metodo-de-proyectos","12":"first","13":"instock","14":"downloadable","15":"shipping-taxable","16":"purchasable","17":"product-type-simple"},"_links":{"self":[{"href":"https:\/\/ciecicapacita.com.mx\/ciecieditorial\/wp-json\/wp\/v2\/product\/249","targetHints":{"allow":["GET"]}}],"collection":[{"href":"https:\/\/ciecicapacita.com.mx\/ciecieditorial\/wp-json\/wp\/v2\/product"}],"about":[{"href":"https:\/\/ciecicapacita.com.mx\/ciecieditorial\/wp-json\/wp\/v2\/types\/product"}],"replies":[{"embeddable":true,"href":"https:\/\/ciecicapacita.com.mx\/ciecieditorial\/wp-json\/wp\/v2\/comments?post=249"}],"wp:featuredmedia":[{"embeddable":true,"href":"https:\/\/ciecicapacita.com.mx\/ciecieditorial\/wp-json\/wp\/v2\/media\/248"}],"wp:attachment":[{"href":"https:\/\/ciecicapacita.com.mx\/ciecieditorial\/wp-json\/wp\/v2\/media?parent=249"}],"wp:term":[{"taxonomy":"product_brand","embeddable":true,"href":"https:\/\/ciecicapacita.com.mx\/ciecieditorial\/wp-json\/wp\/v2\/product_brand?post=249"},{"taxonomy":"product_cat","embeddable":true,"href":"https:\/\/ciecicapacita.com.mx\/ciecieditorial\/wp-json\/wp\/v2\/product_cat?post=249"},{"taxonomy":"product_tag","embeddable":true,"href":"https:\/\/ciecicapacita.com.mx\/ciecieditorial\/wp-json\/wp\/v2\/product_tag?post=249"}],"curies":[{"name":"wp","href":"https:\/\/api.w.org\/{rel}","templated":true}]}}