{"id":251,"date":"2026-03-07T06:56:04","date_gmt":"2026-03-07T06:56:04","guid":{"rendered":"https:\/\/ciecicapacita.com.mx\/ciecieditorial\/producto\/estrategias-ab\/"},"modified":"2026-03-18T21:20:52","modified_gmt":"2026-03-18T21:20:52","slug":"estrategias-ab","status":"publish","type":"product","link":"https:\/\/ciecicapacita.com.mx\/ciecieditorial\/producto\/estrategias-ab\/","title":{"rendered":"Estrategias AB"},"content":{"rendered":"<p>En este libro encontrar\u00e1s la explicaci\u00f3n clara y con ejemplos de siete estrategias did\u00e1cticas del aprendizaje situado tales como: Aprendizaje basado en problemas, aprendizaje basado en fen\u00f3menos, aprendizaje basado en casos, aprendizaje basado en el servicio, aprendizaje basado en proyectos. Contiene ejemplos reales aplicados en distintos niveles educativos.<\/p>\n","protected":false},"excerpt":{"rendered":"<p>En este libro encontrar\u00e1s la explicaci\u00f3n clara y con ejemplos de siete estrategias did\u00e1cticas del aprendizaje situado tales como: Aprendizaje basado en problemas, aprendizaje basado en fen\u00f3menos, aprendizaje basado en casos, aprendizaje basado en el<\/p>\n","protected":false},"featured_media":250,"comment_status":"open","ping_status":"closed","template":"","meta":[],"product_brand":[],"product_cat":[88],"product_tag":[55,43,47,48,49,50,38],"class_list":{"0":"post-251","1":"product","2":"type-product","3":"status-publish","4":"has-post-thumbnail","6":"product_cat-libro-digital","7":"product_tag-aprenizaje-basado-en-problemas","8":"product_tag-aula-invertida","9":"product_tag-estrategias-didacticas","10":"product_tag-gamificacion","11":"product_tag-innovacion-educativa","12":"product_tag-metodologia","13":"product_tag-trabajar-por-proyectos","15":"first","16":"instock","17":"downloadable","18":"shipping-taxable","19":"purchasable","20":"product-type-simple"},"_links":{"self":[{"href":"https:\/\/ciecicapacita.com.mx\/ciecieditorial\/wp-json\/wp\/v2\/product\/251","targetHints":{"allow":["GET"]}}],"collection":[{"href":"https:\/\/ciecicapacita.com.mx\/ciecieditorial\/wp-json\/wp\/v2\/product"}],"about":[{"href":"https:\/\/ciecicapacita.com.mx\/ciecieditorial\/wp-json\/wp\/v2\/types\/product"}],"replies":[{"embeddable":true,"href":"https:\/\/ciecicapacita.com.mx\/ciecieditorial\/wp-json\/wp\/v2\/comments?post=251"}],"wp:featuredmedia":[{"embeddable":true,"href":"https:\/\/ciecicapacita.com.mx\/ciecieditorial\/wp-json\/wp\/v2\/media\/250"}],"wp:attachment":[{"href":"https:\/\/ciecicapacita.com.mx\/ciecieditorial\/wp-json\/wp\/v2\/media?parent=251"}],"wp:term":[{"taxonomy":"product_brand","embeddable":true,"href":"https:\/\/ciecicapacita.com.mx\/ciecieditorial\/wp-json\/wp\/v2\/product_brand?post=251"},{"taxonomy":"product_cat","embeddable":true,"href":"https:\/\/ciecicapacita.com.mx\/ciecieditorial\/wp-json\/wp\/v2\/product_cat?post=251"},{"taxonomy":"product_tag","embeddable":true,"href":"https:\/\/ciecicapacita.com.mx\/ciecieditorial\/wp-json\/wp\/v2\/product_tag?post=251"}],"curies":[{"name":"wp","href":"https:\/\/api.w.org\/{rel}","templated":true}]}}