{"id":255,"date":"2026-03-07T06:56:07","date_gmt":"2026-03-07T06:56:07","guid":{"rendered":"https:\/\/ciecicapacita.com.mx\/ciecieditorial\/producto\/sistema-multimodal-de-ensenanza-aprendizaje\/"},"modified":"2026-03-18T22:36:50","modified_gmt":"2026-03-18T22:36:50","slug":"sistema-multimodal-de-ensenanza-aprendizaje","status":"publish","type":"product","link":"https:\/\/ciecicapacita.com.mx\/ciecieditorial\/producto\/sistema-multimodal-de-ensenanza-aprendizaje\/","title":{"rendered":"Sistema multimodal de ense\u00f1anza-aprendizaje"},"content":{"rendered":"<p>Es un libro que da alternativas sobre c\u00f3mo se elabora el diagn\u00f3stico de los alumnos, los grupos y las escuelas de acuerdo a la conectividad y los dispositivos que se tienen, para ofrecer despu\u00e9s alternativas para trabajar en la modalidad que le acomode a cada condici\u00f3n, de ah\u00ed el nombre de la obra: Hacia la construcci\u00f3n de un sistema multimodal de ense\u00f1anza-aprendizaje<\/p>\n","protected":false},"excerpt":{"rendered":"<p>Es un libro que da alternativas sobre c\u00f3mo se elabora el diagn\u00f3stico de los alumnos, los grupos y las escuelas de acuerdo a la conectividad y los dispositivos que se tienen, para ofrecer despu\u00e9s alternativas para trabajar en la modalidad que le acomo<\/p>\n","protected":false},"featured_media":254,"comment_status":"open","ping_status":"closed","template":"","meta":[],"product_brand":[],"product_cat":[88],"product_tag":[59,60,47,49,50,61,62],"class_list":{"0":"post-255","1":"product","2":"type-product","3":"status-publish","4":"has-post-thumbnail","6":"product_cat-libro-digital","7":"product_tag-conectividad","8":"product_tag-educacion-en-linea","9":"product_tag-estrategias-didacticas","10":"product_tag-innovacion-educativa","11":"product_tag-metodologia","12":"product_tag-modelos-hibridos","13":"product_tag-sistema-multimodal","15":"first","16":"instock","17":"downloadable","18":"shipping-taxable","19":"purchasable","20":"product-type-simple"},"_links":{"self":[{"href":"https:\/\/ciecicapacita.com.mx\/ciecieditorial\/wp-json\/wp\/v2\/product\/255","targetHints":{"allow":["GET"]}}],"collection":[{"href":"https:\/\/ciecicapacita.com.mx\/ciecieditorial\/wp-json\/wp\/v2\/product"}],"about":[{"href":"https:\/\/ciecicapacita.com.mx\/ciecieditorial\/wp-json\/wp\/v2\/types\/product"}],"replies":[{"embeddable":true,"href":"https:\/\/ciecicapacita.com.mx\/ciecieditorial\/wp-json\/wp\/v2\/comments?post=255"}],"wp:featuredmedia":[{"embeddable":true,"href":"https:\/\/ciecicapacita.com.mx\/ciecieditorial\/wp-json\/wp\/v2\/media\/254"}],"wp:attachment":[{"href":"https:\/\/ciecicapacita.com.mx\/ciecieditorial\/wp-json\/wp\/v2\/media?parent=255"}],"wp:term":[{"taxonomy":"product_brand","embeddable":true,"href":"https:\/\/ciecicapacita.com.mx\/ciecieditorial\/wp-json\/wp\/v2\/product_brand?post=255"},{"taxonomy":"product_cat","embeddable":true,"href":"https:\/\/ciecicapacita.com.mx\/ciecieditorial\/wp-json\/wp\/v2\/product_cat?post=255"},{"taxonomy":"product_tag","embeddable":true,"href":"https:\/\/ciecicapacita.com.mx\/ciecieditorial\/wp-json\/wp\/v2\/product_tag?post=255"}],"curies":[{"name":"wp","href":"https:\/\/api.w.org\/{rel}","templated":true}]}}