{"id":257,"date":"2026-03-07T06:56:12","date_gmt":"2026-03-07T06:56:12","guid":{"rendered":"https:\/\/ciecicapacita.com.mx\/ciecieditorial\/producto\/gamificacion-el-juego-como-factor-clave-del-aprendizaje\/"},"modified":"2026-03-18T22:21:06","modified_gmt":"2026-03-18T22:21:06","slug":"gamificacion-el-juego-como-factor-clave-del-aprendizaje","status":"publish","type":"product","link":"https:\/\/ciecicapacita.com.mx\/ciecieditorial\/producto\/gamificacion-el-juego-como-factor-clave-del-aprendizaje\/","title":{"rendered":"Gamificaci\u00f3n. El juego como factor clave del aprendizaje"},"content":{"rendered":"<p>En este libro se aborda la definici\u00f3n, historia y fundamentos de la gamificaci\u00f3n o ludificaci\u00f3n \u00a0para potenciar el inter\u00e9s y el aprendizaje. adem\u00e1s se brindan alternativas diversas para aprender a ramificar usando distintos programas, plataformas y aplicaciones electr\u00f3nicas, adicionalmente se dan opciones para gamificar aunque no se cuente con tecnolog\u00eda.<\/p>\n","protected":false},"excerpt":{"rendered":"<p>En este libro se aborda la definici\u00f3n, historia y fundamentos de la gamificaci\u00f3n o ludificaci\u00f3n \u00a0para potenciar el inter\u00e9s y el aprendizaje. adem\u00e1s se brindan alternativas diversas para aprender a ramificar usando distintos programas, plataformas y a<\/p>\n","protected":false},"featured_media":256,"comment_status":"open","ping_status":"closed","template":"","meta":[],"product_brand":[],"product_cat":[88],"product_tag":[58,63,48,49,50],"class_list":{"0":"post-257","1":"product","2":"type-product","3":"status-publish","4":"has-post-thumbnail","6":"product_cat-libro-digital","7":"product_tag-aprendzaje-situado","8":"product_tag-edutainment","9":"product_tag-gamificacion","10":"product_tag-innovacion-educativa","11":"product_tag-metodologia","13":"first","14":"instock","15":"downloadable","16":"shipping-taxable","17":"purchasable","18":"product-type-simple"},"_links":{"self":[{"href":"https:\/\/ciecicapacita.com.mx\/ciecieditorial\/wp-json\/wp\/v2\/product\/257","targetHints":{"allow":["GET"]}}],"collection":[{"href":"https:\/\/ciecicapacita.com.mx\/ciecieditorial\/wp-json\/wp\/v2\/product"}],"about":[{"href":"https:\/\/ciecicapacita.com.mx\/ciecieditorial\/wp-json\/wp\/v2\/types\/product"}],"replies":[{"embeddable":true,"href":"https:\/\/ciecicapacita.com.mx\/ciecieditorial\/wp-json\/wp\/v2\/comments?post=257"}],"wp:featuredmedia":[{"embeddable":true,"href":"https:\/\/ciecicapacita.com.mx\/ciecieditorial\/wp-json\/wp\/v2\/media\/256"}],"wp:attachment":[{"href":"https:\/\/ciecicapacita.com.mx\/ciecieditorial\/wp-json\/wp\/v2\/media?parent=257"}],"wp:term":[{"taxonomy":"product_brand","embeddable":true,"href":"https:\/\/ciecicapacita.com.mx\/ciecieditorial\/wp-json\/wp\/v2\/product_brand?post=257"},{"taxonomy":"product_cat","embeddable":true,"href":"https:\/\/ciecicapacita.com.mx\/ciecieditorial\/wp-json\/wp\/v2\/product_cat?post=257"},{"taxonomy":"product_tag","embeddable":true,"href":"https:\/\/ciecicapacita.com.mx\/ciecieditorial\/wp-json\/wp\/v2\/product_tag?post=257"}],"curies":[{"name":"wp","href":"https:\/\/api.w.org\/{rel}","templated":true}]}}