{"id":259,"date":"2026-03-07T06:56:16","date_gmt":"2026-03-07T06:56:16","guid":{"rendered":"https:\/\/ciecicapacita.com.mx\/ciecieditorial\/producto\/diseno-de-situaciones-de-aprendizaje-para-modelos-hibridos\/"},"modified":"2026-03-18T21:05:24","modified_gmt":"2026-03-18T21:05:24","slug":"diseno-de-situaciones-de-aprendizaje-para-modelos-hibridos","status":"publish","type":"product","link":"https:\/\/ciecicapacita.com.mx\/ciecieditorial\/producto\/diseno-de-situaciones-de-aprendizaje-para-modelos-hibridos\/","title":{"rendered":"Dise\u00f1o de situaciones de aprendizaje para modelos h\u00edbridos"},"content":{"rendered":"<p>En este libro se da a conocer el paso a paso para la planeaci\u00f3n did\u00e1ctica para aplicar en modelos h\u00edbridos de ense\u00f1anza-aprendizaje, se incluyen ejemplos de planeaci\u00f3n para diferentes niveles y modalidades eduativos<\/p>\n","protected":false},"excerpt":{"rendered":"<p>En este libro se da a conocer el paso a paso para la planeaci\u00f3n did\u00e1ctica para aplicar en modelos h\u00edbridos de ense\u00f1anza-aprendizaje, se incluyen ejemplos de planeaci\u00f3n para diferentes niveles y modalidades eduativos<\/p>\n","protected":false},"featured_media":258,"comment_status":"open","ping_status":"closed","template":"","meta":[],"product_brand":[],"product_cat":[88],"product_tag":[58,47,49,50,61,62,38],"class_list":{"0":"post-259","1":"product","2":"type-product","3":"status-publish","4":"has-post-thumbnail","6":"product_cat-libro-digital","7":"product_tag-aprendzaje-situado","8":"product_tag-estrategias-didacticas","9":"product_tag-innovacion-educativa","10":"product_tag-metodologia","11":"product_tag-modelos-hibridos","12":"product_tag-sistema-multimodal","13":"product_tag-trabajar-por-proyectos","15":"first","16":"instock","17":"downloadable","18":"shipping-taxable","19":"purchasable","20":"product-type-simple"},"_links":{"self":[{"href":"https:\/\/ciecicapacita.com.mx\/ciecieditorial\/wp-json\/wp\/v2\/product\/259","targetHints":{"allow":["GET"]}}],"collection":[{"href":"https:\/\/ciecicapacita.com.mx\/ciecieditorial\/wp-json\/wp\/v2\/product"}],"about":[{"href":"https:\/\/ciecicapacita.com.mx\/ciecieditorial\/wp-json\/wp\/v2\/types\/product"}],"replies":[{"embeddable":true,"href":"https:\/\/ciecicapacita.com.mx\/ciecieditorial\/wp-json\/wp\/v2\/comments?post=259"}],"wp:featuredmedia":[{"embeddable":true,"href":"https:\/\/ciecicapacita.com.mx\/ciecieditorial\/wp-json\/wp\/v2\/media\/258"}],"wp:attachment":[{"href":"https:\/\/ciecicapacita.com.mx\/ciecieditorial\/wp-json\/wp\/v2\/media?parent=259"}],"wp:term":[{"taxonomy":"product_brand","embeddable":true,"href":"https:\/\/ciecicapacita.com.mx\/ciecieditorial\/wp-json\/wp\/v2\/product_brand?post=259"},{"taxonomy":"product_cat","embeddable":true,"href":"https:\/\/ciecicapacita.com.mx\/ciecieditorial\/wp-json\/wp\/v2\/product_cat?post=259"},{"taxonomy":"product_tag","embeddable":true,"href":"https:\/\/ciecicapacita.com.mx\/ciecieditorial\/wp-json\/wp\/v2\/product_tag?post=259"}],"curies":[{"name":"wp","href":"https:\/\/api.w.org\/{rel}","templated":true}]}}