{"id":261,"date":"2026-03-07T06:56:21","date_gmt":"2026-03-07T06:56:21","guid":{"rendered":"https:\/\/ciecicapacita.com.mx\/ciecieditorial\/producto\/capacitacion-2-0\/"},"modified":"2026-03-18T20:53:17","modified_gmt":"2026-03-18T20:53:17","slug":"capacitacion-2-0","status":"publish","type":"product","link":"https:\/\/ciecicapacita.com.mx\/ciecieditorial\/producto\/capacitacion-2-0\/","title":{"rendered":"Capacitaci\u00f3n 2.0"},"content":{"rendered":"<p>Este libro es un manual pr\u00e1ctico para la capacitaci\u00f3n del siglo XXI, ofrece alternativas diversas y actualizadas para trabajar con grupos en capacitaci\u00f3n con recursos y estrategias innovadoras, acordes a las formas de aprender y de ense\u00f1ar del siglo XXI<\/p>\n","protected":false},"excerpt":{"rendered":"<p>Este libro es un manual pr\u00e1ctico para la capacitaci\u00f3n del siglo XXI, ofrece alternativas diversas y actualizadas para trabajar con grupos en capacitaci\u00f3n con recursos y estrategias innovadoras, acordes a las formas de aprender y de ense\u00f1ar del siglo<\/p>\n","protected":false},"featured_media":260,"comment_status":"open","ping_status":"closed","template":"","meta":[],"product_brand":[],"product_cat":[88],"product_tag":[64,65,56,58,66,59,47,50],"class_list":{"0":"post-261","1":"product","2":"type-product","3":"status-publish","4":"has-post-thumbnail","6":"product_cat-libro-digital","7":"product_tag-aplicaciones","8":"product_tag-apps","9":"product_tag-aprendizaje-autorregulado","10":"product_tag-aprendzaje-situado","11":"product_tag-capacitacion","12":"product_tag-conectividad","13":"product_tag-estrategias-didacticas","14":"product_tag-metodologia","16":"first","17":"instock","18":"downloadable","19":"shipping-taxable","20":"purchasable","21":"product-type-simple"},"_links":{"self":[{"href":"https:\/\/ciecicapacita.com.mx\/ciecieditorial\/wp-json\/wp\/v2\/product\/261","targetHints":{"allow":["GET"]}}],"collection":[{"href":"https:\/\/ciecicapacita.com.mx\/ciecieditorial\/wp-json\/wp\/v2\/product"}],"about":[{"href":"https:\/\/ciecicapacita.com.mx\/ciecieditorial\/wp-json\/wp\/v2\/types\/product"}],"replies":[{"embeddable":true,"href":"https:\/\/ciecicapacita.com.mx\/ciecieditorial\/wp-json\/wp\/v2\/comments?post=261"}],"wp:featuredmedia":[{"embeddable":true,"href":"https:\/\/ciecicapacita.com.mx\/ciecieditorial\/wp-json\/wp\/v2\/media\/260"}],"wp:attachment":[{"href":"https:\/\/ciecicapacita.com.mx\/ciecieditorial\/wp-json\/wp\/v2\/media?parent=261"}],"wp:term":[{"taxonomy":"product_brand","embeddable":true,"href":"https:\/\/ciecicapacita.com.mx\/ciecieditorial\/wp-json\/wp\/v2\/product_brand?post=261"},{"taxonomy":"product_cat","embeddable":true,"href":"https:\/\/ciecicapacita.com.mx\/ciecieditorial\/wp-json\/wp\/v2\/product_cat?post=261"},{"taxonomy":"product_tag","embeddable":true,"href":"https:\/\/ciecicapacita.com.mx\/ciecieditorial\/wp-json\/wp\/v2\/product_tag?post=261"}],"curies":[{"name":"wp","href":"https:\/\/api.w.org\/{rel}","templated":true}]}}