{"id":279,"date":"2026-03-07T06:56:53","date_gmt":"2026-03-07T06:56:53","guid":{"rendered":"https:\/\/ciecicapacita.com.mx\/ciecieditorial\/producto\/edutaiment-y-gamificacion\/"},"modified":"2026-03-18T21:06:10","modified_gmt":"2026-03-18T21:06:10","slug":"edutaiment-y-gamificacion","status":"publish","type":"product","link":"https:\/\/ciecicapacita.com.mx\/ciecieditorial\/producto\/edutaiment-y-gamificacion\/","title":{"rendered":"Edutaiment y Gamificaci\u00f3n"},"content":{"rendered":"<p>Es una obra de Docentes Mexicanos en colaboraci\u00f3n con la Especialista en Narrativa Transmedia de Argentina, Cecilia Frontera, en Coordinaci\u00f3n Editorial con la Mtra. Patricia Frola, Directora General de CIECI S.C. y el Dr. Jes\u00fas Vel\u00e1squez, Director de Proyectos Institucionales CIECI S.C.. Cecilia Frontera es Licenciada en Tecnolog\u00eda Educativa por la Universidad Tecnol\u00f3gica Nacional de la Facultad Regional de Buenos Aires. Es Conferencista nacional e internacional que participa desde hace m\u00e1s de una d\u00e9cada en diversos eventos profesionales y acad\u00e9micos de distinguidas instituciones como la Universidad Tecnol\u00f3gica de Honduras, la Universidad Tecnol\u00f3gica Nacional, la Universidad de Palermo, la Universidad Cat\u00f3lica Argentina, el Ministerio de Educaci\u00f3n de Guatemala y de M\u00e9xico, los Centros de Capacitaci\u00f3n, Informaci\u00f3n e Investigaci\u00f3n Educativa, entre otras. Funge como Curadora de contenidos en el Repositorio Latinoamericano de Convocatorias Educativas, organizaci\u00f3n que recibi\u00f3 el premio internacional \u201cOpen Repository Award for Excellence 2020\u201d, otorgado por la Open Education Awards Global\u201d, en reconocimiento a la excelente labor realizada por el equipo de curadores pertenecientes a 15 pa\u00edses latinoamericanos. Escritora de diversos art\u00edculos de divulgaci\u00f3n cient\u00edfica y literaria, en 2019 public\u00f3 su libro \u201cLa Narrativa Transmedia: propuestas interactivas para trabajar en el aula\u201d, que forma parte de la Colecci\u00f3n Educaci\u00f3n y Tecnolog\u00eda de la editorial Sb, el cual ha sido declarado de inter\u00e9s acad\u00e9mico y cultural en Argentina, como as\u00ed tambi\u00e9n ha recibido reconocimientos internacionales por diversas instituciones como FINTES (Federaci\u00f3n Internacional de Especialistas), UNIBOL Guaran\u00ed y Pueblos de Tierras Bajas APIGUAKI T\u00dcPA, entre otras. Adem\u00e1s, redact\u00f3 un cap\u00edtulo de libro en la obra de talla internacional \u201cDimensiones Transmedia\u201d, publicada por la editorial portuguesa R\u00eda. Ganadora del premio Docentes Pioneros TICMAS 2019, organizado por la empresa Vida Tec, que condecora el uso de una plataforma educativa, promoviendo la igualdad de oportunidades y un aprendizaje significativo e interactivo en el alumnado. En 2020 fue invitada de honor en el marco de los SEMINARIOS PROMETEA CIECI S.C., dando lugar as\u00ed a las colaboraciones internacionales de CIECI S.C. y Educadores Transmedi\u00e1ticos\u00a0 Consultor\u00eda de la que es CEO y fundadora.<\/p>\n","protected":false},"excerpt":{"rendered":"<p>Es una obra de Docentes Mexicanos en colaboraci\u00f3n con la Especialista en Narrativa Transmedia de Argentina, Cecilia Frontera, en Coordinaci\u00f3n Editorial con la Mtra. Patricia Frola, Directora General de CIECI S.C. y el Dr. Jes\u00fas Vel\u00e1squez, Director de<\/p>\n","protected":false},"featured_media":278,"comment_status":"open","ping_status":"closed","template":"","meta":[],"product_brand":[],"product_cat":[88],"product_tag":[47,48,49,50,61],"class_list":{"0":"post-279","1":"product","2":"type-product","3":"status-publish","4":"has-post-thumbnail","6":"product_cat-libro-digital","7":"product_tag-estrategias-didacticas","8":"product_tag-gamificacion","9":"product_tag-innovacion-educativa","10":"product_tag-metodologia","11":"product_tag-modelos-hibridos","13":"first","14":"instock","15":"downloadable","16":"shipping-taxable","17":"purchasable","18":"product-type-simple"},"_links":{"self":[{"href":"https:\/\/ciecicapacita.com.mx\/ciecieditorial\/wp-json\/wp\/v2\/product\/279","targetHints":{"allow":["GET"]}}],"collection":[{"href":"https:\/\/ciecicapacita.com.mx\/ciecieditorial\/wp-json\/wp\/v2\/product"}],"about":[{"href":"https:\/\/ciecicapacita.com.mx\/ciecieditorial\/wp-json\/wp\/v2\/types\/product"}],"replies":[{"embeddable":true,"href":"https:\/\/ciecicapacita.com.mx\/ciecieditorial\/wp-json\/wp\/v2\/comments?post=279"}],"wp:featuredmedia":[{"embeddable":true,"href":"https:\/\/ciecicapacita.com.mx\/ciecieditorial\/wp-json\/wp\/v2\/media\/278"}],"wp:attachment":[{"href":"https:\/\/ciecicapacita.com.mx\/ciecieditorial\/wp-json\/wp\/v2\/media?parent=279"}],"wp:term":[{"taxonomy":"product_brand","embeddable":true,"href":"https:\/\/ciecicapacita.com.mx\/ciecieditorial\/wp-json\/wp\/v2\/product_brand?post=279"},{"taxonomy":"product_cat","embeddable":true,"href":"https:\/\/ciecicapacita.com.mx\/ciecieditorial\/wp-json\/wp\/v2\/product_cat?post=279"},{"taxonomy":"product_tag","embeddable":true,"href":"https:\/\/ciecicapacita.com.mx\/ciecieditorial\/wp-json\/wp\/v2\/product_tag?post=279"}],"curies":[{"name":"wp","href":"https:\/\/api.w.org\/{rel}","templated":true}]}}