{"id":281,"date":"2026-03-07T06:56:55","date_gmt":"2026-03-07T06:56:55","guid":{"rendered":"https:\/\/ciecicapacita.com.mx\/ciecieditorial\/producto\/geometria-y-trigonometria\/"},"modified":"2026-03-18T22:21:40","modified_gmt":"2026-03-18T22:21:40","slug":"geometria-y-trigonometria","status":"publish","type":"product","link":"https:\/\/ciecicapacita.com.mx\/ciecieditorial\/producto\/geometria-y-trigonometria\/","title":{"rendered":"Geometr\u00eda y Trigonometr\u00eda"},"content":{"rendered":"<p>Esta obra ha sido dise\u00f1ada de acuerdo con el programa de estudios vigente que se lleva en el primer a\u00f1o de bachillerato, est\u00e1 organizado de tal manera que permita desarrollar los aprendizajes esperados de los estudiantes, en este sentido, cada bloque se inicia con una actividad contextual con la intenci\u00f3n de situar los contenidos y los aprendizajes esperados, seguido de la recuperaci\u00f3n de los saberes previos mediante una evaluaci\u00f3n diagn\u00f3stica y posteriormente el desarrollo del contenido a trav\u00e9s de diversos ejemplos seguido de ejercicios pr\u00e1cticos y autoevaluaciones en l\u00ednea, que son de ayuda para observar los avances y las \u00e1reas de oportunidad, todo esto complementado con informaci\u00f3n multimedia que permite el refuerzo de los contenidos.El primer bloque trata sobre los elementos b\u00e1sicos de la geometr\u00eda como son punto, recta y plano,<\/p>\n","protected":false},"excerpt":{"rendered":"<p>Esta obra ha sido dise\u00f1ada de acuerdo con el programa de estudios vigente que se lleva en el primer a\u00f1o de bachillerato, est\u00e1 organizado de tal manera que permita desarrollar los aprendizajes esperados de los estudiantes, en este sentido, cada bloque<\/p>\n","protected":false},"featured_media":280,"comment_status":"open","ping_status":"closed","template":"","meta":[],"product_brand":[],"product_cat":[88],"product_tag":[50],"class_list":{"0":"post-281","1":"product","2":"type-product","3":"status-publish","4":"has-post-thumbnail","6":"product_cat-libro-digital","7":"product_tag-metodologia","9":"first","10":"instock","11":"downloadable","12":"shipping-taxable","13":"purchasable","14":"product-type-simple"},"_links":{"self":[{"href":"https:\/\/ciecicapacita.com.mx\/ciecieditorial\/wp-json\/wp\/v2\/product\/281","targetHints":{"allow":["GET"]}}],"collection":[{"href":"https:\/\/ciecicapacita.com.mx\/ciecieditorial\/wp-json\/wp\/v2\/product"}],"about":[{"href":"https:\/\/ciecicapacita.com.mx\/ciecieditorial\/wp-json\/wp\/v2\/types\/product"}],"replies":[{"embeddable":true,"href":"https:\/\/ciecicapacita.com.mx\/ciecieditorial\/wp-json\/wp\/v2\/comments?post=281"}],"wp:featuredmedia":[{"embeddable":true,"href":"https:\/\/ciecicapacita.com.mx\/ciecieditorial\/wp-json\/wp\/v2\/media\/280"}],"wp:attachment":[{"href":"https:\/\/ciecicapacita.com.mx\/ciecieditorial\/wp-json\/wp\/v2\/media?parent=281"}],"wp:term":[{"taxonomy":"product_brand","embeddable":true,"href":"https:\/\/ciecicapacita.com.mx\/ciecieditorial\/wp-json\/wp\/v2\/product_brand?post=281"},{"taxonomy":"product_cat","embeddable":true,"href":"https:\/\/ciecicapacita.com.mx\/ciecieditorial\/wp-json\/wp\/v2\/product_cat?post=281"},{"taxonomy":"product_tag","embeddable":true,"href":"https:\/\/ciecicapacita.com.mx\/ciecieditorial\/wp-json\/wp\/v2\/product_tag?post=281"}],"curies":[{"name":"wp","href":"https:\/\/api.w.org\/{rel}","templated":true}]}}