{"id":285,"date":"2026-03-07T06:56:56","date_gmt":"2026-03-07T06:56:56","guid":{"rendered":"https:\/\/ciecicapacita.com.mx\/ciecieditorial\/producto\/el-metodo-acip-ser\/"},"modified":"2026-03-18T21:12:30","modified_gmt":"2026-03-18T21:12:30","slug":"el-metodo-acip-ser","status":"publish","type":"product","link":"https:\/\/ciecicapacita.com.mx\/ciecieditorial\/producto\/el-metodo-acip-ser\/","title":{"rendered":"El m\u00e9todo ACIP-SER"},"content":{"rendered":"<p>Autor: Producci\u00f3n de Docentes MexicanosCoordinador de obra: Dr. Jos\u00e9 de Jes\u00fas Vel\u00e1zquezISBN: En tr\u00e1mite1a ed. julio de 2021La finalidad de esta obra es la de lograr que los ni\u00f1os y adolescentes ejerzan su derecho a recibir una educaci\u00f3n de calidad y una ense\u00f1anza que les permita obtener los aprendizajes necesarios para la vida. Cabe mencionar que en la actualidad los ni\u00f1os y adolescentes han desarrollado una mayor comprensi\u00f3n natural, son capaces de procesar grandes cantidades de informaci\u00f3n, por lo que los docentes deben de buscar nuevas ideas aceleradoras del aprendizaje y potenciar la innovaci\u00f3n y creatividad de los estudiantes.El estudio del M\u00e9todo ACIP-SER, tiene como finalidad: la de enriquecer el acervo de recursos para la mejora de sus pr\u00e1cticas educativas, y de poner en pr\u00e1ctica uno de los contenidos fundamentales de la asignatura de Mec\u00e1nica de grupos, a trav\u00e9s de situaciones o momentos por los cuales los alumnos deben intervenir en las actividades del aula que consigan un aprendizaje significativo. Para cada uno de estos momentos se incluyen, t\u00e9cnicas did\u00e1cticas, producto de la experiencia de los integrantes del equipo colaborador que elabora este fichero.<\/p>\n","protected":false},"excerpt":{"rendered":"<p>Autor: Producci\u00f3n de Docentes MexicanosCoordinador de obra: Dr. Jos\u00e9 de Jes\u00fas Vel\u00e1zquezISBN: En tr\u00e1mite1a ed. julio de 2021La finalidad de esta obra es la de lograr que los ni\u00f1os y adolescentes ejerzan su derecho a recibir una educaci\u00f3n de calidad y<\/p>\n","protected":false},"featured_media":284,"comment_status":"open","ping_status":"closed","template":"","meta":[],"product_brand":[],"product_cat":[88],"product_tag":[49,50],"class_list":{"0":"post-285","1":"product","2":"type-product","3":"status-publish","4":"has-post-thumbnail","6":"product_cat-libro-digital","7":"product_tag-innovacion-educativa","8":"product_tag-metodologia","10":"first","11":"instock","12":"downloadable","13":"shipping-taxable","14":"purchasable","15":"product-type-simple"},"_links":{"self":[{"href":"https:\/\/ciecicapacita.com.mx\/ciecieditorial\/wp-json\/wp\/v2\/product\/285","targetHints":{"allow":["GET"]}}],"collection":[{"href":"https:\/\/ciecicapacita.com.mx\/ciecieditorial\/wp-json\/wp\/v2\/product"}],"about":[{"href":"https:\/\/ciecicapacita.com.mx\/ciecieditorial\/wp-json\/wp\/v2\/types\/product"}],"replies":[{"embeddable":true,"href":"https:\/\/ciecicapacita.com.mx\/ciecieditorial\/wp-json\/wp\/v2\/comments?post=285"}],"wp:featuredmedia":[{"embeddable":true,"href":"https:\/\/ciecicapacita.com.mx\/ciecieditorial\/wp-json\/wp\/v2\/media\/284"}],"wp:attachment":[{"href":"https:\/\/ciecicapacita.com.mx\/ciecieditorial\/wp-json\/wp\/v2\/media?parent=285"}],"wp:term":[{"taxonomy":"product_brand","embeddable":true,"href":"https:\/\/ciecicapacita.com.mx\/ciecieditorial\/wp-json\/wp\/v2\/product_brand?post=285"},{"taxonomy":"product_cat","embeddable":true,"href":"https:\/\/ciecicapacita.com.mx\/ciecieditorial\/wp-json\/wp\/v2\/product_cat?post=285"},{"taxonomy":"product_tag","embeddable":true,"href":"https:\/\/ciecicapacita.com.mx\/ciecieditorial\/wp-json\/wp\/v2\/product_tag?post=285"}],"curies":[{"name":"wp","href":"https:\/\/api.w.org\/{rel}","templated":true}]}}