{"id":287,"date":"2026-03-07T06:56:57","date_gmt":"2026-03-07T06:56:57","guid":{"rendered":"https:\/\/ciecicapacita.com.mx\/ciecieditorial\/producto\/como-elaborar-un-proyecto-de-ensenanza\/"},"modified":"2026-03-18T20:58:00","modified_gmt":"2026-03-18T20:58:00","slug":"como-elaborar-un-proyecto-de-ensenanza","status":"publish","type":"product","link":"https:\/\/ciecicapacita.com.mx\/ciecieditorial\/producto\/como-elaborar-un-proyecto-de-ensenanza\/","title":{"rendered":"C\u00f3mo Elaborar un Proyecto de Ense\u00f1anza"},"content":{"rendered":"<p>Este libro pretende abordar de manera sencilla pero con el fundamento necesario en qu\u00e9 consiste la elaboraci\u00f3n de un proyecto ense\u00f1anza y establece siete pasos que al ser llevados a la pr\u00e1ctica permitir\u00e1n al docente una construcci\u00f3n sencilla, debido a que existen m\u00faltiples recursos gen\u00e9ricos y actividades estandarizadas, que se desprenden de la misma metodolog\u00eda el conocerlas y tenerlas a mano permite facilitar el reto que representa demostrar la idoneidad de una pr\u00e1ctica educativa, sin embargo se deja siempre abierta la posibilidad de que cada maestro elabore sus propios procesos de ense\u00f1anza,<\/p>\n<p>La organizaci\u00f3n del capitulado est\u00e1 organizado en bloques, consideramos que ser\u00eda m\u00e1s sencillo a trav\u00e9s del desarrollo de siete pasos, los cuales facilitar\u00e1n la elaboraci\u00f3n del\u00a0proyecto de ense\u00f1anza, si se siguen uno a uno, y se utilizan o no los apoyos gen\u00e9ricos que se incluyen en cada uno de los pasos, al final se tendr\u00e1 como resultado un proyecto de ense\u00f1anza aplicable al aula y que despu\u00e9s deber\u00e1 ser justificado, argumentado y sustentado a trav\u00e9s de explicaciones qu\u00e9 den cuenta de la relaci\u00f3n que existe entre los diferentes elementos que lo conforman.<\/p>\n","protected":false},"excerpt":{"rendered":"<p>Este libro pretende abordar de manera sencilla pero con el fundamento necesario en qu\u00e9 consiste la elaboraci\u00f3n de un proyecto ense\u00f1anza y establece siete pasos que al ser llevados a la pr\u00e1ctica permitir\u00e1n al docente una construcci\u00f3n sencilla, debido<\/p>\n","protected":false},"featured_media":286,"comment_status":"open","ping_status":"closed","template":"","meta":[],"product_brand":[],"product_cat":[88],"product_tag":[74,72,73],"class_list":{"0":"post-287","1":"product","2":"type-product","3":"status-publish","4":"has-post-thumbnail","6":"product_cat-libro-digital","7":"product_tag-practica-educativa","8":"product_tag-procesos-de-ensenanza","9":"product_tag-proyecto-de-ensenanza","11":"first","12":"instock","13":"downloadable","14":"shipping-taxable","15":"purchasable","16":"product-type-simple"},"_links":{"self":[{"href":"https:\/\/ciecicapacita.com.mx\/ciecieditorial\/wp-json\/wp\/v2\/product\/287","targetHints":{"allow":["GET"]}}],"collection":[{"href":"https:\/\/ciecicapacita.com.mx\/ciecieditorial\/wp-json\/wp\/v2\/product"}],"about":[{"href":"https:\/\/ciecicapacita.com.mx\/ciecieditorial\/wp-json\/wp\/v2\/types\/product"}],"replies":[{"embeddable":true,"href":"https:\/\/ciecicapacita.com.mx\/ciecieditorial\/wp-json\/wp\/v2\/comments?post=287"}],"wp:featuredmedia":[{"embeddable":true,"href":"https:\/\/ciecicapacita.com.mx\/ciecieditorial\/wp-json\/wp\/v2\/media\/286"}],"wp:attachment":[{"href":"https:\/\/ciecicapacita.com.mx\/ciecieditorial\/wp-json\/wp\/v2\/media?parent=287"}],"wp:term":[{"taxonomy":"product_brand","embeddable":true,"href":"https:\/\/ciecicapacita.com.mx\/ciecieditorial\/wp-json\/wp\/v2\/product_brand?post=287"},{"taxonomy":"product_cat","embeddable":true,"href":"https:\/\/ciecicapacita.com.mx\/ciecieditorial\/wp-json\/wp\/v2\/product_cat?post=287"},{"taxonomy":"product_tag","embeddable":true,"href":"https:\/\/ciecicapacita.com.mx\/ciecieditorial\/wp-json\/wp\/v2\/product_tag?post=287"}],"curies":[{"name":"wp","href":"https:\/\/api.w.org\/{rel}","templated":true}]}}