{"id":627,"date":"2026-04-27T15:55:47","date_gmt":"2026-04-27T15:55:47","guid":{"rendered":"https:\/\/ciecicapacita.com.mx\/ciecieditorial\/?post_type=product&#038;p=627"},"modified":"2026-04-27T16:11:09","modified_gmt":"2026-04-27T16:11:09","slug":"ludicantos","status":"publish","type":"product","link":"https:\/\/ciecicapacita.com.mx\/ciecieditorial\/producto\/ludicantos\/","title":{"rendered":"Ludicantos"},"content":{"rendered":"<section class=\"text-token-text-primary w-full focus:outline-none [--shadow-height:45px] has-data-writing-block:pointer-events-none has-data-writing-block:-mt-(--shadow-height) has-data-writing-block:pt-(--shadow-height) [&amp;:has([data-writing-block])&gt;*]:pointer-events-auto [content-visibility:auto] supports-[content-visibility:auto]:[contain-intrinsic-size:auto_100lvh] R6Vx5W_threadScrollVars scroll-mb-[calc(var(--scroll-root-safe-area-inset-bottom,0px)+var(--thread-response-height))] scroll-mt-[calc(var(--header-height)+min(200px,max(70px,20svh)))]\" dir=\"auto\" data-turn-id=\"request-WEB:3e5f4c6a-9a8c-47da-b909-13dbb515efc1-4\" data-testid=\"conversation-turn-2\" data-scroll-anchor=\"false\" data-turn=\"assistant\">\n<div class=\"text-base my-auto mx-auto pb-10 [--thread-content-margin:var(--thread-content-margin-xs,calc(var(--spacing)*4))] @w-sm\/main:[--thread-content-margin:var(--thread-content-margin-sm,calc(var(--spacing)*6))] @w-lg\/main:[--thread-content-margin:var(--thread-content-margin-lg,calc(var(--spacing)*16))] px-(--thread-content-margin)\">\n<div class=\"[--thread-content-max-width:40rem] @w-lg\/main:[--thread-content-max-width:48rem] mx-auto max-w-(--thread-content-max-width) flex-1 group\/turn-messages focus-visible:outline-hidden relative flex w-full min-w-0 flex-col agent-turn\">\n<div class=\"flex max-w-full flex-col gap-4 grow\">\n<div class=\"min-h-8 text-message relative flex w-full flex-col items-end gap-2 text-start break-words whitespace-normal outline-none keyboard-focused:focus-ring [.text-message+&amp;]:mt-1\" dir=\"auto\" data-message-author-role=\"assistant\" data-message-id=\"3556b15f-8994-457a-ac6a-6f9e5bc849cc\" data-message-model-slug=\"gpt-5-3\" data-turn-start-message=\"true\">\n<div class=\"flex w-full flex-col gap-1 empty:hidden\">\n<div class=\"markdown prose dark:prose-invert w-full wrap-break-word dark markdown-new-styling\">\n<p data-start=\"0\" data-end=\"581\">\u201cLUDICANTOS: Juegos que se cantan y cantos que se juegan en diferentes partes del mundo\u201d re\u00fane m\u00e1s de quince a\u00f1os de b\u00fasqueda, experimentaci\u00f3n y reflexi\u00f3n sobre pr\u00e1cticas l\u00fadicas presentes en m\u00faltiples culturas. Este libro invita a las y los docentes de educaci\u00f3n b\u00e1sica a recuperar el valor pedag\u00f3gico de los cantos y juegos tradicionales, no solo como herramientas did\u00e1cticas, sino como experiencias que privilegian la alegr\u00eda, el esparcimiento y la convivencia en el aula. En sus p\u00e1ginas, el juego se presenta como una v\u00eda leg\u00edtima para aprender, conectar y construir comunidad.<\/p>\n<p data-start=\"583\" data-end=\"1117\" data-is-last-node=\"\" data-is-only-node=\"\">A partir de propuestas concretas, <em data-start=\"617\" data-end=\"629\">LUDICANTOS<\/em> muestra c\u00f3mo el movimiento, la emoci\u00f3n y el pensamiento pueden integrarse de forma org\u00e1nica en la experiencia educativa: activar el cuerpo para disponer al aprendizaje, generar v\u00ednculos afectivos que favorezcan la participaci\u00f3n y estimular procesos cognitivos a trav\u00e9s de din\u00e1micas significativas. El resultado es una obra que acompa\u00f1a al profesorado en la creaci\u00f3n de ambientes m\u00e1s vivos, sensibles y efectivos, recordando que aprender tambi\u00e9n puede \u2014y debe\u2014 ser una experiencia gozosa.<\/p>\n<\/div>\n<\/div>\n<\/div>\n<\/div>\n<div class=\"z-0 flex min-h-[46px] justify-start\"><\/div>\n<div class=\"mt-3 w-full empty:hidden\">\n<div class=\"text-center\"><\/div>\n<\/div>\n<\/div>\n<\/div>\n<\/section>\n<div class=\"pointer-events-none -mt-px h-px translate-y-[calc(var(--scroll-root-safe-area-inset-bottom)-14*var(--spacing))]\" aria-hidden=\"true\"><\/div>\n","protected":false},"excerpt":{"rendered":"<p>\u201cLUDICANTOS: Juegos que se cantan y cantos que se juegan en diferentes partes del mundo\u201d re\u00fane m\u00e1s de quince a\u00f1os de b\u00fasqueda, experimentaci\u00f3n y reflexi\u00f3n sobre pr\u00e1cticas l\u00fadicas presentes en m\u00faltiples culturas. Este libro invita a las y los docentes de educaci\u00f3n b\u00e1sica a recuperar el valor pedag\u00f3gico de los cantos y juegos tradicionales, no [&hellip;]<\/p>\n","protected":false},"featured_media":651,"comment_status":"open","ping_status":"closed","template":"","meta":[],"product_brand":[],"product_cat":[15],"product_tag":[],"class_list":{"0":"post-627","1":"product","2":"type-product","3":"status-publish","4":"has-post-thumbnail","6":"product_cat-sin-categorizar","8":"first","9":"instock","10":"downloadable","11":"shipping-taxable","12":"purchasable","13":"product-type-simple"},"_links":{"self":[{"href":"https:\/\/ciecicapacita.com.mx\/ciecieditorial\/wp-json\/wp\/v2\/product\/627","targetHints":{"allow":["GET"]}}],"collection":[{"href":"https:\/\/ciecicapacita.com.mx\/ciecieditorial\/wp-json\/wp\/v2\/product"}],"about":[{"href":"https:\/\/ciecicapacita.com.mx\/ciecieditorial\/wp-json\/wp\/v2\/types\/product"}],"replies":[{"embeddable":true,"href":"https:\/\/ciecicapacita.com.mx\/ciecieditorial\/wp-json\/wp\/v2\/comments?post=627"}],"wp:featuredmedia":[{"embeddable":true,"href":"https:\/\/ciecicapacita.com.mx\/ciecieditorial\/wp-json\/wp\/v2\/media\/651"}],"wp:attachment":[{"href":"https:\/\/ciecicapacita.com.mx\/ciecieditorial\/wp-json\/wp\/v2\/media?parent=627"}],"wp:term":[{"taxonomy":"product_brand","embeddable":true,"href":"https:\/\/ciecicapacita.com.mx\/ciecieditorial\/wp-json\/wp\/v2\/product_brand?post=627"},{"taxonomy":"product_cat","embeddable":true,"href":"https:\/\/ciecicapacita.com.mx\/ciecieditorial\/wp-json\/wp\/v2\/product_cat?post=627"},{"taxonomy":"product_tag","embeddable":true,"href":"https:\/\/ciecicapacita.com.mx\/ciecieditorial\/wp-json\/wp\/v2\/product_tag?post=627"}],"curies":[{"name":"wp","href":"https:\/\/api.w.org\/{rel}","templated":true}]}}